{"id":3994,"date":"2025-08-15T16:11:43","date_gmt":"2025-08-16T02:11:43","guid":{"rendered":"https:\/\/www.tahitiplaisirs.com\/?post_type=product&#038;p=3994"},"modified":"2026-04-15T14:21:03","modified_gmt":"2026-04-16T00:21:03","slug":"lubrifiant-black-hole-anal-relax-150ml","status":"publish","type":"product","link":"https:\/\/www.tahitiplaisirs.com\/en\/product\/lubrifiant-black-hole-anal-relax-150ml\/","title":{"rendered":"Lubrifiant anal Relax 150ml"},"content":{"rendered":"","protected":false},"excerpt":{"rendered":"<p>Lubrifiant anal Relax de Black Hole<\/p>\n<p>Lubrifiant \u00e0 base d&rsquo;eau sp\u00e9cialement d\u00e9velopp\u00e9 pour le plaisir anal.<\/p>\n<p>En raison de l&rsquo;effet l\u00e9g\u00e8rement engourdissant, le sphincter est efficacement d\u00e9tendu et assure ainsi une p\u00e9n\u00e9tration indolore sans perte de sensation.<\/p>\n<p>Massez l\u00e9g\u00e8rement et laissez agir le lubrifiant<\/p>\n<p>Sa composition sp\u00e9ciale est non grasse et donc se nettoie facilement \u00e0 l&rsquo;eau.<\/p>\n<p>Ce lubrifiant ne contient pas de colorants et ne laisse pas de traces.<\/p>\n<p>Contenance : 150ml<\/p>","protected":false},"featured_media":7104,"template":"","meta":[],"product_brand":[114],"product_cat":[49,50],"product_tag":[],"class_list":{"0":"post-3994","1":"product","2":"type-product","3":"status-publish","4":"has-post-thumbnail","6":"product_brand-black-hole","7":"product_cat-bien-etre","8":"product_cat-lubrifiants","11":"instock","12":"taxable","13":"shipping-taxable","14":"purchasable","15":"product-type-simple","16":"product-grid-view"},"_links":{"self":[{"href":"https:\/\/www.tahitiplaisirs.com\/en\/wp-json\/wp\/v2\/product\/3994","targetHints":{"allow":["GET"]}}],"collection":[{"href":"https:\/\/www.tahitiplaisirs.com\/en\/wp-json\/wp\/v2\/product"}],"about":[{"href":"https:\/\/www.tahitiplaisirs.com\/en\/wp-json\/wp\/v2\/types\/product"}],"version-history":[{"count":2,"href":"https:\/\/www.tahitiplaisirs.com\/en\/wp-json\/wp\/v2\/product\/3994\/revisions"}],"predecessor-version":[{"id":9458,"href":"https:\/\/www.tahitiplaisirs.com\/en\/wp-json\/wp\/v2\/product\/3994\/revisions\/9458"}],"wp:featuredmedia":[{"embeddable":true,"href":"https:\/\/www.tahitiplaisirs.com\/en\/wp-json\/wp\/v2\/media\/7104"}],"wp:attachment":[{"href":"https:\/\/www.tahitiplaisirs.com\/en\/wp-json\/wp\/v2\/media?parent=3994"}],"wp:term":[{"taxonomy":"product_brand","embeddable":true,"href":"https:\/\/www.tahitiplaisirs.com\/en\/wp-json\/wp\/v2\/product_brand?post=3994"},{"taxonomy":"product_cat","embeddable":true,"href":"https:\/\/www.tahitiplaisirs.com\/en\/wp-json\/wp\/v2\/product_cat?post=3994"},{"taxonomy":"product_tag","embeddable":true,"href":"https:\/\/www.tahitiplaisirs.com\/en\/wp-json\/wp\/v2\/product_tag?post=3994"}],"curies":[{"name":"wp","href":"https:\/\/api.w.org\/{rel}","templated":true}]}}