{"id":4032,"date":"2025-08-15T16:11:46","date_gmt":"2025-08-16T02:11:46","guid":{"rendered":"https:\/\/www.tahitiplaisirs.com\/?post_type=product&#038;p=4032"},"modified":"2026-02-24T15:19:10","modified_gmt":"2026-02-25T01:19:10","slug":"anneau-metallique-rainbow-ring-44mm","status":"publish","type":"product","link":"https:\/\/www.tahitiplaisirs.com\/en\/product\/anneau-metallique-rainbow-ring-44mm\/","title":{"rendered":"Anneau m\u00e9tallique rainbow ring 44mm"},"content":{"rendered":"","protected":false},"excerpt":{"rendered":"<p>Anneau m\u00e9tallique rainbow ring 44mm de Locked<\/p>\n<p>Voici un anneau de p\u00e9nis aux couleurs de l&rsquo;arc en ciel en acier inoxydable.<\/p>\n<p>L&rsquo;anneau se place \u00e0 la base du p\u00e9nis et il aura pour effet de renforcer l&rsquo;\u00e9rection tout en retardant l&rsquo;\u00e9jaculation.<\/p>\n<p>Pour qu&rsquo;une soir\u00e9e tr\u00e8s intense se prolonge pendant toute la nuit, ne pas oublier l&rsquo;utilisation d&rsquo;un cockring m\u00e9tallique !<\/p>","protected":false},"featured_media":9886,"template":"","meta":[],"product_brand":[140],"product_cat":[68,47],"product_tag":[],"class_list":{"0":"post-4032","1":"product","2":"type-product","3":"status-publish","4":"has-post-thumbnail","6":"product_brand-locked","7":"product_cat-anneaux","8":"product_cat-sextoys","11":"instock","12":"taxable","13":"shipping-taxable","14":"purchasable","15":"product-type-simple","16":"product-grid-view"},"_links":{"self":[{"href":"https:\/\/www.tahitiplaisirs.com\/en\/wp-json\/wp\/v2\/product\/4032","targetHints":{"allow":["GET"]}}],"collection":[{"href":"https:\/\/www.tahitiplaisirs.com\/en\/wp-json\/wp\/v2\/product"}],"about":[{"href":"https:\/\/www.tahitiplaisirs.com\/en\/wp-json\/wp\/v2\/types\/product"}],"version-history":[{"count":3,"href":"https:\/\/www.tahitiplaisirs.com\/en\/wp-json\/wp\/v2\/product\/4032\/revisions"}],"predecessor-version":[{"id":9893,"href":"https:\/\/www.tahitiplaisirs.com\/en\/wp-json\/wp\/v2\/product\/4032\/revisions\/9893"}],"wp:featuredmedia":[{"embeddable":true,"href":"https:\/\/www.tahitiplaisirs.com\/en\/wp-json\/wp\/v2\/media\/9886"}],"wp:attachment":[{"href":"https:\/\/www.tahitiplaisirs.com\/en\/wp-json\/wp\/v2\/media?parent=4032"}],"wp:term":[{"taxonomy":"product_brand","embeddable":true,"href":"https:\/\/www.tahitiplaisirs.com\/en\/wp-json\/wp\/v2\/product_brand?post=4032"},{"taxonomy":"product_cat","embeddable":true,"href":"https:\/\/www.tahitiplaisirs.com\/en\/wp-json\/wp\/v2\/product_cat?post=4032"},{"taxonomy":"product_tag","embeddable":true,"href":"https:\/\/www.tahitiplaisirs.com\/en\/wp-json\/wp\/v2\/product_tag?post=4032"}],"curies":[{"name":"wp","href":"https:\/\/api.w.org\/{rel}","templated":true}]}}