{"id":4033,"date":"2025-08-15T16:11:46","date_gmt":"2025-08-16T02:11:46","guid":{"rendered":"https:\/\/www.tahitiplaisirs.com\/?post_type=product&#038;p=4033"},"modified":"2026-03-21T14:21:14","modified_gmt":"2026-03-22T00:21:14","slug":"rabbit-snappy-violet","status":"publish","type":"product","link":"https:\/\/www.tahitiplaisirs.com\/en\/product\/rabbit-snappy-violet\/","title":{"rendered":"Rabbit Snappy violet"},"content":{"rendered":"","protected":false},"excerpt":{"rendered":"<p>Vibromasseur rabbit Snappy violet de Baile &#8211; Pretty Love<\/p>\n<p>Le vibromasseur rabbit Snappy dispose de 30 programmes de vibrations, il est flexible et recourb\u00e9 pour stimuler le point G.<\/p>\n<p>En ABS recouvert de silicone doux, son format convient aussi bien aux d\u00e9butantes qu&rsquo;aux utilisatrices exp\u00e9riment\u00e9es.<\/p>\n<p>Il mesure 20cm dont 11cm ins\u00e9rable et son diam\u00e8tre au plus large est de 3,2cm<\/p>\n<p>Snappy fonctionne avec 2 piles AAA<\/p>","protected":false},"featured_media":7553,"template":"","meta":[],"product_brand":[93],"product_cat":[47,64],"product_tag":[],"class_list":{"0":"post-4033","1":"product","2":"type-product","3":"status-publish","4":"has-post-thumbnail","6":"product_brand-baile-pretty-love","7":"product_cat-sextoys","8":"product_cat-vibromasseurs","11":"instock","12":"purchasable","13":"product-type-simple","14":"product-grid-view"},"_links":{"self":[{"href":"https:\/\/www.tahitiplaisirs.com\/en\/wp-json\/wp\/v2\/product\/4033","targetHints":{"allow":["GET"]}}],"collection":[{"href":"https:\/\/www.tahitiplaisirs.com\/en\/wp-json\/wp\/v2\/product"}],"about":[{"href":"https:\/\/www.tahitiplaisirs.com\/en\/wp-json\/wp\/v2\/types\/product"}],"version-history":[{"count":1,"href":"https:\/\/www.tahitiplaisirs.com\/en\/wp-json\/wp\/v2\/product\/4033\/revisions"}],"predecessor-version":[{"id":4063,"href":"https:\/\/www.tahitiplaisirs.com\/en\/wp-json\/wp\/v2\/product\/4033\/revisions\/4063"}],"wp:featuredmedia":[{"embeddable":true,"href":"https:\/\/www.tahitiplaisirs.com\/en\/wp-json\/wp\/v2\/media\/7553"}],"wp:attachment":[{"href":"https:\/\/www.tahitiplaisirs.com\/en\/wp-json\/wp\/v2\/media?parent=4033"}],"wp:term":[{"taxonomy":"product_brand","embeddable":true,"href":"https:\/\/www.tahitiplaisirs.com\/en\/wp-json\/wp\/v2\/product_brand?post=4033"},{"taxonomy":"product_cat","embeddable":true,"href":"https:\/\/www.tahitiplaisirs.com\/en\/wp-json\/wp\/v2\/product_cat?post=4033"},{"taxonomy":"product_tag","embeddable":true,"href":"https:\/\/www.tahitiplaisirs.com\/en\/wp-json\/wp\/v2\/product_tag?post=4033"}],"curies":[{"name":"wp","href":"https:\/\/api.w.org\/{rel}","templated":true}]}}