{"id":4039,"date":"2025-08-15T16:11:46","date_gmt":"2025-08-16T02:11:46","guid":{"rendered":"https:\/\/www.tahitiplaisirs.com\/?post_type=product&#038;p=4039"},"modified":"2026-03-21T14:21:11","modified_gmt":"2026-03-22T00:21:11","slug":"anneaux-x3-extreme-set","status":"publish","type":"product","link":"https:\/\/www.tahitiplaisirs.com\/en\/product\/anneaux-x3-extreme-set\/","title":{"rendered":"Anneaux X3 \u00ab\u00a0Extr\u00eame set\u00a0\u00bb"},"content":{"rendered":"","protected":false},"excerpt":{"rendered":"<p>Pack 3 anneaux \u00ab\u00a0Extr\u00eame set\u00a0\u00bb de Calexotics<\/p>\n<p>Lot de 3 cockrings en silicone LINK UP id\u00e9al pour soutenir l&rsquo;\u00e9rection.<\/p>\n<p>Chacun des anneaux se place \u00e0 la base du p\u00e9nis et le serre.<\/p>\n<p>L&rsquo;excitation est alors plus importante et la sensibilit\u00e9 du gland augment\u00e9e.<\/p>\n<p>\u00c9paisseur d&rsquo;un anneau : 1cm<\/p>\n<p>Diam\u00e8tre interne d&rsquo;un anneau : 3,8cm<\/p>\n<p>Le silicone est l\u00e9g\u00e8rement \u00e9tirable.<\/p>","protected":false},"featured_media":7557,"template":"","meta":[],"product_brand":[117],"product_cat":[68,47],"product_tag":[],"class_list":{"0":"post-4039","1":"product","2":"type-product","3":"status-publish","4":"has-post-thumbnail","6":"product_brand-calexotics","7":"product_cat-anneaux","8":"product_cat-sextoys","11":"instock","12":"taxable","13":"shipping-taxable","14":"purchasable","15":"product-type-simple","16":"product-grid-view"},"_links":{"self":[{"href":"https:\/\/www.tahitiplaisirs.com\/en\/wp-json\/wp\/v2\/product\/4039","targetHints":{"allow":["GET"]}}],"collection":[{"href":"https:\/\/www.tahitiplaisirs.com\/en\/wp-json\/wp\/v2\/product"}],"about":[{"href":"https:\/\/www.tahitiplaisirs.com\/en\/wp-json\/wp\/v2\/types\/product"}],"version-history":[{"count":1,"href":"https:\/\/www.tahitiplaisirs.com\/en\/wp-json\/wp\/v2\/product\/4039\/revisions"}],"predecessor-version":[{"id":4069,"href":"https:\/\/www.tahitiplaisirs.com\/en\/wp-json\/wp\/v2\/product\/4039\/revisions\/4069"}],"wp:featuredmedia":[{"embeddable":true,"href":"https:\/\/www.tahitiplaisirs.com\/en\/wp-json\/wp\/v2\/media\/7557"}],"wp:attachment":[{"href":"https:\/\/www.tahitiplaisirs.com\/en\/wp-json\/wp\/v2\/media?parent=4039"}],"wp:term":[{"taxonomy":"product_brand","embeddable":true,"href":"https:\/\/www.tahitiplaisirs.com\/en\/wp-json\/wp\/v2\/product_brand?post=4039"},{"taxonomy":"product_cat","embeddable":true,"href":"https:\/\/www.tahitiplaisirs.com\/en\/wp-json\/wp\/v2\/product_cat?post=4039"},{"taxonomy":"product_tag","embeddable":true,"href":"https:\/\/www.tahitiplaisirs.com\/en\/wp-json\/wp\/v2\/product_tag?post=4039"}],"curies":[{"name":"wp","href":"https:\/\/api.w.org\/{rel}","templated":true}]}}