{"id":4047,"date":"2025-08-15T16:11:47","date_gmt":"2025-08-16T02:11:47","guid":{"rendered":"https:\/\/www.tahitiplaisirs.com\/?post_type=product&#038;p=4047"},"modified":"2026-03-27T12:01:04","modified_gmt":"2026-03-27T22:01:04","slug":"cock-rockets-fraise","status":"publish","type":"product","link":"https:\/\/www.tahitiplaisirs.com\/en\/product\/cock-rockets-fraise\/","title":{"rendered":"Cock Rockets fraise"},"content":{"rendered":"","protected":false},"excerpt":{"rendered":"<p>Friandise Cock Rockets saveur fraise de Little Genie<\/p>\n<p>P\u00e9tillant, explosif, Cock Rockets est un bonbon qui vous fera red\u00e9couvrir le plaisir du sexe oral !<\/p>\n<p>Saupoudrez directement la poudre sur le corps de votre partenaire et mangez !<\/p>\n<p>Laissez le bonbon cr\u00e9piter dans votre bouche tout en d\u00e9gustant votre partenaire et exp\u00e9rimentez de nouvelles sensations !<\/p>\n<p>Vous avez aussi la possibilit\u00e9 de la m\u00e9langer avec un lubrifiant ou une huile comestible, pour faire cr\u00e9piter de plaisir votre partenaire !<\/p>\n<p>Contenance : 14mg<\/p>","protected":false},"featured_media":6615,"template":"","meta":[],"product_brand":[],"product_cat":[69],"product_tag":[],"class_list":{"0":"post-4047","1":"product","2":"type-product","3":"status-publish","4":"has-post-thumbnail","6":"product_cat-friandises","9":"instock","10":"taxable","11":"shipping-taxable","12":"purchasable","13":"product-type-simple","14":"product-grid-view"},"_links":{"self":[{"href":"https:\/\/www.tahitiplaisirs.com\/en\/wp-json\/wp\/v2\/product\/4047","targetHints":{"allow":["GET"]}}],"collection":[{"href":"https:\/\/www.tahitiplaisirs.com\/en\/wp-json\/wp\/v2\/product"}],"about":[{"href":"https:\/\/www.tahitiplaisirs.com\/en\/wp-json\/wp\/v2\/types\/product"}],"version-history":[{"count":1,"href":"https:\/\/www.tahitiplaisirs.com\/en\/wp-json\/wp\/v2\/product\/4047\/revisions"}],"predecessor-version":[{"id":4077,"href":"https:\/\/www.tahitiplaisirs.com\/en\/wp-json\/wp\/v2\/product\/4047\/revisions\/4077"}],"wp:featuredmedia":[{"embeddable":true,"href":"https:\/\/www.tahitiplaisirs.com\/en\/wp-json\/wp\/v2\/media\/6615"}],"wp:attachment":[{"href":"https:\/\/www.tahitiplaisirs.com\/en\/wp-json\/wp\/v2\/media?parent=4047"}],"wp:term":[{"taxonomy":"product_brand","embeddable":true,"href":"https:\/\/www.tahitiplaisirs.com\/en\/wp-json\/wp\/v2\/product_brand?post=4047"},{"taxonomy":"product_cat","embeddable":true,"href":"https:\/\/www.tahitiplaisirs.com\/en\/wp-json\/wp\/v2\/product_cat?post=4047"},{"taxonomy":"product_tag","embeddable":true,"href":"https:\/\/www.tahitiplaisirs.com\/en\/wp-json\/wp\/v2\/product_tag?post=4047"}],"curies":[{"name":"wp","href":"https:\/\/api.w.org\/{rel}","templated":true}]}}