{"id":4100,"date":"2025-08-15T16:11:50","date_gmt":"2025-08-16T02:11:50","guid":{"rendered":"https:\/\/www.tahitiplaisirs.com\/?post_type=product&#038;p=4100"},"modified":"2026-03-21T14:20:13","modified_gmt":"2026-03-22T00:20:13","slug":"tenue-barman-sexy-l-xl","status":"publish","type":"product","link":"https:\/\/www.tahitiplaisirs.com\/en\/product\/tenue-barman-sexy-l-xl\/","title":{"rendered":"Tenue barman sexy L\/XL"},"content":{"rendered":"","protected":false},"excerpt":{"rendered":"<p>Tenue barman sexy r\u00e9f 018 de Passion<\/p>\n<p>Taille : Large \/ X-Large : poitrine : 104-116<\/p>\n<p>Ensemble 2 pi\u00e8ces ultra sexy compos\u00e9 d&rsquo;un top noir et d&rsquo;un short r\u00e9alis\u00e9 en satin blanc et tissu noir brillant effet mouill\u00e9.<\/p>\n<p>Mati\u00e8res :90 % acrylique &#8211; 10 % \u00e9lasthanne<\/p>","protected":false},"featured_media":7547,"template":"","meta":[],"product_brand":[],"product_cat":[51],"product_tag":[],"class_list":{"0":"post-4100","1":"product","2":"type-product","3":"status-publish","4":"has-post-thumbnail","6":"product_cat-pour-lui","9":"instock","10":"taxable","11":"shipping-taxable","12":"purchasable","13":"product-type-simple","14":"product-grid-view"},"_links":{"self":[{"href":"https:\/\/www.tahitiplaisirs.com\/en\/wp-json\/wp\/v2\/product\/4100","targetHints":{"allow":["GET"]}}],"collection":[{"href":"https:\/\/www.tahitiplaisirs.com\/en\/wp-json\/wp\/v2\/product"}],"about":[{"href":"https:\/\/www.tahitiplaisirs.com\/en\/wp-json\/wp\/v2\/types\/product"}],"version-history":[{"count":3,"href":"https:\/\/www.tahitiplaisirs.com\/en\/wp-json\/wp\/v2\/product\/4100\/revisions"}],"predecessor-version":[{"id":11007,"href":"https:\/\/www.tahitiplaisirs.com\/en\/wp-json\/wp\/v2\/product\/4100\/revisions\/11007"}],"wp:featuredmedia":[{"embeddable":true,"href":"https:\/\/www.tahitiplaisirs.com\/en\/wp-json\/wp\/v2\/media\/7547"}],"wp:attachment":[{"href":"https:\/\/www.tahitiplaisirs.com\/en\/wp-json\/wp\/v2\/media?parent=4100"}],"wp:term":[{"taxonomy":"product_brand","embeddable":true,"href":"https:\/\/www.tahitiplaisirs.com\/en\/wp-json\/wp\/v2\/product_brand?post=4100"},{"taxonomy":"product_cat","embeddable":true,"href":"https:\/\/www.tahitiplaisirs.com\/en\/wp-json\/wp\/v2\/product_cat?post=4100"},{"taxonomy":"product_tag","embeddable":true,"href":"https:\/\/www.tahitiplaisirs.com\/en\/wp-json\/wp\/v2\/product_tag?post=4100"}],"curies":[{"name":"wp","href":"https:\/\/api.w.org\/{rel}","templated":true}]}}