{"id":4106,"date":"2025-08-15T16:11:51","date_gmt":"2025-08-16T02:11:51","guid":{"rendered":"https:\/\/www.tahitiplaisirs.com\/?post_type=product&#038;p=4106"},"modified":"2026-03-04T11:18:11","modified_gmt":"2026-03-04T21:18:11","slug":"body-resille-manches-longues-kl-queen","status":"publish","type":"product","link":"https:\/\/www.tahitiplaisirs.com\/en\/product\/body-resille-manches-longues-kl-queen\/","title":{"rendered":"Body r\u00e9sille manches longues KL Queen"},"content":{"rendered":"","protected":false},"excerpt":{"rendered":"<p>Body r\u00e9sille manches longues Queen Size de Killer Legs<\/p>\n<p><span dir=\"auto\">Ensemble comprenant un body string avec un d\u00e9tail clout\u00e9 en zigzag sur le devant et des bas r\u00e9sille amovibles.<\/span><\/p>\n<p>Composition\u00a0: 92\u00a0% nylon, 8\u00a0% \u00e9lasthanne<\/p>","protected":false},"featured_media":10384,"template":"","meta":[],"product_brand":[136],"product_cat":[73,74,63],"product_tag":[],"class_list":{"0":"post-4106","1":"product","2":"type-product","3":"status-publish","4":"has-post-thumbnail","6":"product_brand-killer-legs","7":"product_cat-lingerie-sexy","8":"product_cat-nuisettes-bodys-et-set","9":"product_cat-pour-elle","12":"instock","13":"taxable","14":"shipping-taxable","15":"purchasable","16":"product-type-simple","17":"product-grid-view"},"_links":{"self":[{"href":"https:\/\/www.tahitiplaisirs.com\/en\/wp-json\/wp\/v2\/product\/4106","targetHints":{"allow":["GET"]}}],"collection":[{"href":"https:\/\/www.tahitiplaisirs.com\/en\/wp-json\/wp\/v2\/product"}],"about":[{"href":"https:\/\/www.tahitiplaisirs.com\/en\/wp-json\/wp\/v2\/types\/product"}],"version-history":[{"count":3,"href":"https:\/\/www.tahitiplaisirs.com\/en\/wp-json\/wp\/v2\/product\/4106\/revisions"}],"predecessor-version":[{"id":10391,"href":"https:\/\/www.tahitiplaisirs.com\/en\/wp-json\/wp\/v2\/product\/4106\/revisions\/10391"}],"wp:featuredmedia":[{"embeddable":true,"href":"https:\/\/www.tahitiplaisirs.com\/en\/wp-json\/wp\/v2\/media\/10384"}],"wp:attachment":[{"href":"https:\/\/www.tahitiplaisirs.com\/en\/wp-json\/wp\/v2\/media?parent=4106"}],"wp:term":[{"taxonomy":"product_brand","embeddable":true,"href":"https:\/\/www.tahitiplaisirs.com\/en\/wp-json\/wp\/v2\/product_brand?post=4106"},{"taxonomy":"product_cat","embeddable":true,"href":"https:\/\/www.tahitiplaisirs.com\/en\/wp-json\/wp\/v2\/product_cat?post=4106"},{"taxonomy":"product_tag","embeddable":true,"href":"https:\/\/www.tahitiplaisirs.com\/en\/wp-json\/wp\/v2\/product_tag?post=4106"}],"curies":[{"name":"wp","href":"https:\/\/api.w.org\/{rel}","templated":true}]}}