{"id":4107,"date":"2025-08-15T16:11:51","date_gmt":"2025-08-16T02:11:51","guid":{"rendered":"https:\/\/www.tahitiplaisirs.com\/?post_type=product&#038;p=4107"},"modified":"2026-03-21T14:20:11","modified_gmt":"2026-03-22T00:20:11","slug":"culotte-sexy-sharlotte-l-xl","status":"publish","type":"product","link":"https:\/\/www.tahitiplaisirs.com\/en\/product\/culotte-sexy-sharlotte-l-xl\/","title":{"rendered":"Culotte Sharlotte L\/XL"},"content":{"rendered":"","protected":false},"excerpt":{"rendered":"<p>Culotte sexy Sharlotte L\/XL de Obsessive<\/p>\n<p>Culotte sexy aux motifs originaux, les d\u00e9tails sont subtils et d\u00e9coratifs, taille haute finie avec de la dentelle ondul\u00e9e.<\/p>\n<p>Les bordures sont \u00e9l\u00e9gantes et le derri\u00e8re est expos\u00e9. Le tissu est extensible et s&rsquo;ajuste parfaitement<\/p>\n<p>Composition : 90% polyamide et 10% \u00e9lasthanne.<\/p>","protected":false},"featured_media":7536,"template":"","meta":[],"product_brand":[92],"product_cat":[73,80],"product_tag":[],"class_list":{"0":"post-4107","1":"product","2":"type-product","3":"status-publish","4":"has-post-thumbnail","6":"product_brand-obsessive","7":"product_cat-lingerie-sexy","8":"product_cat-strings-culottes-et-tangas","11":"instock","12":"taxable","13":"shipping-taxable","14":"purchasable","15":"product-type-simple","16":"product-grid-view"},"_links":{"self":[{"href":"https:\/\/www.tahitiplaisirs.com\/en\/wp-json\/wp\/v2\/product\/4107","targetHints":{"allow":["GET"]}}],"collection":[{"href":"https:\/\/www.tahitiplaisirs.com\/en\/wp-json\/wp\/v2\/product"}],"about":[{"href":"https:\/\/www.tahitiplaisirs.com\/en\/wp-json\/wp\/v2\/types\/product"}],"version-history":[{"count":2,"href":"https:\/\/www.tahitiplaisirs.com\/en\/wp-json\/wp\/v2\/product\/4107\/revisions"}],"predecessor-version":[{"id":7538,"href":"https:\/\/www.tahitiplaisirs.com\/en\/wp-json\/wp\/v2\/product\/4107\/revisions\/7538"}],"wp:featuredmedia":[{"embeddable":true,"href":"https:\/\/www.tahitiplaisirs.com\/en\/wp-json\/wp\/v2\/media\/7536"}],"wp:attachment":[{"href":"https:\/\/www.tahitiplaisirs.com\/en\/wp-json\/wp\/v2\/media?parent=4107"}],"wp:term":[{"taxonomy":"product_brand","embeddable":true,"href":"https:\/\/www.tahitiplaisirs.com\/en\/wp-json\/wp\/v2\/product_brand?post=4107"},{"taxonomy":"product_cat","embeddable":true,"href":"https:\/\/www.tahitiplaisirs.com\/en\/wp-json\/wp\/v2\/product_cat?post=4107"},{"taxonomy":"product_tag","embeddable":true,"href":"https:\/\/www.tahitiplaisirs.com\/en\/wp-json\/wp\/v2\/product_tag?post=4107"}],"curies":[{"name":"wp","href":"https:\/\/api.w.org\/{rel}","templated":true}]}}