{"id":4110,"date":"2025-08-15T16:11:51","date_gmt":"2025-08-16T02:11:51","guid":{"rendered":"https:\/\/www.tahitiplaisirs.com\/?post_type=product&#038;p=4110"},"modified":"2026-03-21T14:20:10","modified_gmt":"2026-03-22T00:20:10","slug":"set-cheeky-vert","status":"publish","type":"product","link":"https:\/\/www.tahitiplaisirs.com\/en\/product\/set-cheeky-vert\/","title":{"rendered":"Set Cheeky vert"},"content":{"rendered":"","protected":false},"excerpt":{"rendered":"<p>Set Cheeky vert de Calexotics<\/p>\n<p>Le set Cheeky est compos\u00e9 des deux plugs textur\u00e9s en silicone 100% hypoallerg\u00e9nique de taille diff\u00e9rente :<\/p>\n<ul>\n<li>Taille S : 5cm de long et 3,25cm de diam\u00e8tre. Il sera parfait pour les d\u00e9butants avec ses petites dimensions.<\/li>\n<li>Taille L : 9cm de long et 5cm de diam\u00e8tre. Ses dimensions g\u00e9n\u00e9reuses sont plus adapt\u00e9es aux initi\u00e9s.<\/li>\n<\/ul>\n<p>Ces deux plugs peuvent \u00eatre utilis\u00e9s pour la pr\u00e9paration anale ou pendant un rapport vaginal pour plus de sensations !<\/p>\n<p>Ils poss\u00e8dent une ventouse puissante qui permet de les fixer sur une surface lisse pour une utilisation sans les mains.<\/p>\n<p>Pour un maximum de confort, votre boutique Lollipop Tahiti vous recommande d&rsquo;utiliser un lubrifiant \u00e0 base d&rsquo;eau et de bien nettoyer vos sex-toys avant et apr\u00e8s chaque utilisation.<\/p>","protected":false},"featured_media":7539,"template":"","meta":[],"product_brand":[117],"product_cat":[62,47],"product_tag":[],"class_list":{"0":"post-4110","1":"product","2":"type-product","3":"status-publish","4":"has-post-thumbnail","6":"product_brand-calexotics","7":"product_cat-plaisir-anal","8":"product_cat-sextoys","11":"instock","12":"taxable","13":"shipping-taxable","14":"purchasable","15":"product-type-simple","16":"product-grid-view"},"_links":{"self":[{"href":"https:\/\/www.tahitiplaisirs.com\/en\/wp-json\/wp\/v2\/product\/4110","targetHints":{"allow":["GET"]}}],"collection":[{"href":"https:\/\/www.tahitiplaisirs.com\/en\/wp-json\/wp\/v2\/product"}],"about":[{"href":"https:\/\/www.tahitiplaisirs.com\/en\/wp-json\/wp\/v2\/types\/product"}],"version-history":[{"count":1,"href":"https:\/\/www.tahitiplaisirs.com\/en\/wp-json\/wp\/v2\/product\/4110\/revisions"}],"predecessor-version":[{"id":4138,"href":"https:\/\/www.tahitiplaisirs.com\/en\/wp-json\/wp\/v2\/product\/4110\/revisions\/4138"}],"wp:featuredmedia":[{"embeddable":true,"href":"https:\/\/www.tahitiplaisirs.com\/en\/wp-json\/wp\/v2\/media\/7539"}],"wp:attachment":[{"href":"https:\/\/www.tahitiplaisirs.com\/en\/wp-json\/wp\/v2\/media?parent=4110"}],"wp:term":[{"taxonomy":"product_brand","embeddable":true,"href":"https:\/\/www.tahitiplaisirs.com\/en\/wp-json\/wp\/v2\/product_brand?post=4110"},{"taxonomy":"product_cat","embeddable":true,"href":"https:\/\/www.tahitiplaisirs.com\/en\/wp-json\/wp\/v2\/product_cat?post=4110"},{"taxonomy":"product_tag","embeddable":true,"href":"https:\/\/www.tahitiplaisirs.com\/en\/wp-json\/wp\/v2\/product_tag?post=4110"}],"curies":[{"name":"wp","href":"https:\/\/api.w.org\/{rel}","templated":true}]}}