{"id":4116,"date":"2025-08-15T16:11:51","date_gmt":"2025-08-16T02:11:51","guid":{"rendered":"https:\/\/www.tahitiplaisirs.com\/?post_type=product&#038;p=4116"},"modified":"2026-03-21T14:20:16","modified_gmt":"2026-03-22T00:20:16","slug":"fluffy-plug-large","status":"publish","type":"product","link":"https:\/\/www.tahitiplaisirs.com\/en\/product\/fluffy-plug-large\/","title":{"rendered":"Fluffy plug Large"},"content":{"rendered":"","protected":false},"excerpt":{"rendered":"<p>Fluffy plug Large de Alive<\/p>\n<p>Plug anal en m\u00e9tal d\u00e9cor\u00e9 d&rsquo;un pompon noir en fausse fourrure.<\/p>\n<p>Ce plug anal fait 9 cm de longueur sur 4 cm de diam\u00e8tre au plus large.<\/p>\n<p>Sa base \u00e9largie permet une p\u00e9n\u00e9tration et un retrait en toute s\u00e9curit\u00e9.<\/p>\n<p>Poids : 143,8 grammes<\/p>\n<p>Composition : alliage de zinc, polyester<\/p>","protected":false},"featured_media":7541,"template":"","meta":[],"product_brand":[95],"product_cat":[62,47],"product_tag":[],"class_list":{"0":"post-4116","1":"product","2":"type-product","3":"status-publish","4":"has-post-thumbnail","6":"product_brand-alive","7":"product_cat-plaisir-anal","8":"product_cat-sextoys","11":"instock","12":"taxable","13":"shipping-taxable","14":"purchasable","15":"product-type-simple","16":"product-grid-view"},"_links":{"self":[{"href":"https:\/\/www.tahitiplaisirs.com\/en\/wp-json\/wp\/v2\/product\/4116","targetHints":{"allow":["GET"]}}],"collection":[{"href":"https:\/\/www.tahitiplaisirs.com\/en\/wp-json\/wp\/v2\/product"}],"about":[{"href":"https:\/\/www.tahitiplaisirs.com\/en\/wp-json\/wp\/v2\/types\/product"}],"version-history":[{"count":1,"href":"https:\/\/www.tahitiplaisirs.com\/en\/wp-json\/wp\/v2\/product\/4116\/revisions"}],"predecessor-version":[{"id":4144,"href":"https:\/\/www.tahitiplaisirs.com\/en\/wp-json\/wp\/v2\/product\/4116\/revisions\/4144"}],"wp:featuredmedia":[{"embeddable":true,"href":"https:\/\/www.tahitiplaisirs.com\/en\/wp-json\/wp\/v2\/media\/7541"}],"wp:attachment":[{"href":"https:\/\/www.tahitiplaisirs.com\/en\/wp-json\/wp\/v2\/media?parent=4116"}],"wp:term":[{"taxonomy":"product_brand","embeddable":true,"href":"https:\/\/www.tahitiplaisirs.com\/en\/wp-json\/wp\/v2\/product_brand?post=4116"},{"taxonomy":"product_cat","embeddable":true,"href":"https:\/\/www.tahitiplaisirs.com\/en\/wp-json\/wp\/v2\/product_cat?post=4116"},{"taxonomy":"product_tag","embeddable":true,"href":"https:\/\/www.tahitiplaisirs.com\/en\/wp-json\/wp\/v2\/product_tag?post=4116"}],"curies":[{"name":"wp","href":"https:\/\/api.w.org\/{rel}","templated":true}]}}