{"id":4160,"date":"2025-08-15T16:11:55","date_gmt":"2025-08-16T02:11:55","guid":{"rendered":"https:\/\/www.tahitiplaisirs.com\/?post_type=product&#038;p=4160"},"modified":"2026-02-24T15:20:15","modified_gmt":"2026-02-25T01:20:15","slug":"jeu-anal-me","status":"publish","type":"product","link":"https:\/\/www.tahitiplaisirs.com\/en\/product\/jeu-anal-me\/","title":{"rendered":"Jeu Anal Me"},"content":{"rendered":"","protected":false},"excerpt":{"rendered":"<p>Jeu Anal Me de Tease &amp; Please<\/p>\n<p>Le\u00a0coffret Anal Me est un jeu pour parfaire son exp\u00e9rience tout en testant de nouvelles pratiques, agr\u00e9ment\u00e9es de sextoys et de gages.<\/p>\n<p>Dans ce coffret de jeu vous d\u00e9couvrirez :<\/p>\n<ul>\n<li>\u00a06 feuillets de mission\u00a0traduits en 10 langues avec des \u00ab\u00a0gages\u00a0\u00bb \u00e0 accomplir.<\/li>\n<\/ul>\n<ul>\n<li>\u00a0Un plug anal\u00a0tout en silicone noir (9 x 3,2 cm).<\/li>\n<\/ul>\n<ul>\n<li>\u00a0Un chapelet anal\u00a0noir en silicone avec une poign\u00e9e en forme de c\u0153ur (14,5 x 2,5 cm).<\/li>\n<\/ul>\n<ul>\n<li>\u00a0Un lubrifiant\u00a0sp\u00e9cialement destin\u00e9 \u00e0 la p\u00e9n\u00e9tration anale.<\/li>\n<\/ul>","protected":false},"featured_media":10139,"template":"","meta":[],"product_brand":[],"product_cat":[57,61,62,71,63,51,47],"product_tag":[],"class_list":{"0":"post-4160","1":"product","2":"type-product","3":"status-publish","4":"has-post-thumbnail","6":"product_cat-accessoires","7":"product_cat-jeux-coquins","8":"product_cat-plaisir-anal","9":"product_cat-pour-couple","10":"product_cat-pour-elle","11":"product_cat-pour-lui","12":"product_cat-sextoys","15":"instock","16":"taxable","17":"shipping-taxable","18":"purchasable","19":"product-type-simple","20":"product-grid-view"},"_links":{"self":[{"href":"https:\/\/www.tahitiplaisirs.com\/en\/wp-json\/wp\/v2\/product\/4160","targetHints":{"allow":["GET"]}}],"collection":[{"href":"https:\/\/www.tahitiplaisirs.com\/en\/wp-json\/wp\/v2\/product"}],"about":[{"href":"https:\/\/www.tahitiplaisirs.com\/en\/wp-json\/wp\/v2\/types\/product"}],"version-history":[{"count":3,"href":"https:\/\/www.tahitiplaisirs.com\/en\/wp-json\/wp\/v2\/product\/4160\/revisions"}],"predecessor-version":[{"id":10153,"href":"https:\/\/www.tahitiplaisirs.com\/en\/wp-json\/wp\/v2\/product\/4160\/revisions\/10153"}],"wp:featuredmedia":[{"embeddable":true,"href":"https:\/\/www.tahitiplaisirs.com\/en\/wp-json\/wp\/v2\/media\/10139"}],"wp:attachment":[{"href":"https:\/\/www.tahitiplaisirs.com\/en\/wp-json\/wp\/v2\/media?parent=4160"}],"wp:term":[{"taxonomy":"product_brand","embeddable":true,"href":"https:\/\/www.tahitiplaisirs.com\/en\/wp-json\/wp\/v2\/product_brand?post=4160"},{"taxonomy":"product_cat","embeddable":true,"href":"https:\/\/www.tahitiplaisirs.com\/en\/wp-json\/wp\/v2\/product_cat?post=4160"},{"taxonomy":"product_tag","embeddable":true,"href":"https:\/\/www.tahitiplaisirs.com\/en\/wp-json\/wp\/v2\/product_tag?post=4160"}],"curies":[{"name":"wp","href":"https:\/\/api.w.org\/{rel}","templated":true}]}}