{"id":4161,"date":"2025-08-15T16:11:55","date_gmt":"2025-08-16T02:11:55","guid":{"rendered":"https:\/\/www.tahitiplaisirs.com\/?post_type=product&#038;p=4161"},"modified":"2026-02-16T10:54:09","modified_gmt":"2026-02-16T20:54:09","slug":"masseur-de-prostate-n4-addicted-toys","status":"publish","type":"product","link":"https:\/\/www.tahitiplaisirs.com\/en\/product\/masseur-de-prostate-n4-addicted-toys\/","title":{"rendered":"Masseur de prostate N\u00b04 Addicted Toys"},"content":{"rendered":"","protected":false},"excerpt":{"rendered":"<p>Masseur de prostate N\u00b04 de Addicted Toys<\/p>\n<p><span dir=\"auto\">Vibromasseur anal pour la prostate sp\u00e9cialement con\u00e7u pour les hommes, permettant de d\u00e9couvrir les plaisirs de la stimulation anale, des orgasmes intenses et des \u00e9jaculations puissantes.<\/span><\/p>\n<p><span dir=\"auto\">La stimulation de la prostate est un plaisir appr\u00e9ci\u00e9 par de nombreux hommes, contribuant \u00e0 renforcer l&rsquo;\u00e9rection et \u00e0 intensifier l&rsquo;orgasme.<\/span><\/p>\n<p><span dir=\"auto\">La surface lisse de la tige est enti\u00e8rement recouverte de silicone hypoallerg\u00e9nique doux et agr\u00e9able au toucher.<\/span><\/p>\n<p><span dir=\"auto\">Associ\u00e9e \u00e0 un gel lubrifiant, elle rend l&rsquo;op\u00e9ration tr\u00e8s simple.<\/span><\/p>\n<p><span dir=\"auto\">La cartouche vibrante propose 10 modes de vibration puissants pour un plaisir toujours renouvel\u00e9.<\/span><\/p>\n<p><span dir=\"auto\">Ce jouet est conforme \u00e0 la norme d&rsquo;\u00e9tanch\u00e9it\u00e9 IPX7. Vous pouvez donc profiter de votre jouet sous la douche ou dans le bain.<\/span><\/p>\n<p><span dir=\"auto\">Son moteur est aliment\u00e9 par une batterie rechargeable via le c\u00e2ble USB fourni.<\/span><\/p>\n<p><span dir=\"auto\">Remarque\u00a0: la premi\u00e8re charge peut prendre jusqu\u2019\u00e0 3\u00a0heures.<\/span><\/p>","protected":false},"featured_media":10491,"template":"","meta":[],"product_brand":[120],"product_cat":[62,51,47],"product_tag":[],"class_list":{"0":"post-4161","1":"product","2":"type-product","3":"status-publish","4":"has-post-thumbnail","6":"product_brand-addicted-toys","7":"product_cat-plaisir-anal","8":"product_cat-pour-lui","9":"product_cat-sextoys","12":"instock","13":"taxable","14":"shipping-taxable","15":"purchasable","16":"product-type-simple","17":"product-grid-view"},"_links":{"self":[{"href":"https:\/\/www.tahitiplaisirs.com\/en\/wp-json\/wp\/v2\/product\/4161","targetHints":{"allow":["GET"]}}],"collection":[{"href":"https:\/\/www.tahitiplaisirs.com\/en\/wp-json\/wp\/v2\/product"}],"about":[{"href":"https:\/\/www.tahitiplaisirs.com\/en\/wp-json\/wp\/v2\/types\/product"}],"version-history":[{"count":3,"href":"https:\/\/www.tahitiplaisirs.com\/en\/wp-json\/wp\/v2\/product\/4161\/revisions"}],"predecessor-version":[{"id":10530,"href":"https:\/\/www.tahitiplaisirs.com\/en\/wp-json\/wp\/v2\/product\/4161\/revisions\/10530"}],"wp:featuredmedia":[{"embeddable":true,"href":"https:\/\/www.tahitiplaisirs.com\/en\/wp-json\/wp\/v2\/media\/10491"}],"wp:attachment":[{"href":"https:\/\/www.tahitiplaisirs.com\/en\/wp-json\/wp\/v2\/media?parent=4161"}],"wp:term":[{"taxonomy":"product_brand","embeddable":true,"href":"https:\/\/www.tahitiplaisirs.com\/en\/wp-json\/wp\/v2\/product_brand?post=4161"},{"taxonomy":"product_cat","embeddable":true,"href":"https:\/\/www.tahitiplaisirs.com\/en\/wp-json\/wp\/v2\/product_cat?post=4161"},{"taxonomy":"product_tag","embeddable":true,"href":"https:\/\/www.tahitiplaisirs.com\/en\/wp-json\/wp\/v2\/product_tag?post=4161"}],"curies":[{"name":"wp","href":"https:\/\/api.w.org\/{rel}","templated":true}]}}