{"id":4163,"date":"2025-08-15T16:11:55","date_gmt":"2025-08-16T02:11:55","guid":{"rendered":"https:\/\/www.tahitiplaisirs.com\/?post_type=product&#038;p=4163"},"modified":"2026-03-21T14:20:11","modified_gmt":"2026-03-22T00:20:11","slug":"de-rose-et-noir-pour-couple-hetero","status":"publish","type":"product","link":"https:\/\/www.tahitiplaisirs.com\/en\/product\/de-rose-et-noir-pour-couple-hetero\/","title":{"rendered":"D\u00e9 rose et noir"},"content":{"rendered":"","protected":false},"excerpt":{"rendered":"<p>D\u00e9 rose et noir pour couple h\u00e9t\u00e9ro de Secret Play<\/p>\n<p>Quelle position prendrez vous aujourd&rsquo;hui ?<\/p>\n<p>Et si vous laissiez le d\u00e9 \u00e9rotique Kamasutra h\u00e9t\u00e9ro d\u00e9cider pour vous ?<\/p>\n<p>Ce d\u00e9 est un moyen ludique de d\u00e9couvrir ou red\u00e9couvrir des positions h\u00e9t\u00e9rosexuelles classiques ou in\u00e9dites<\/p>\n<p>De quoi surprendre et\/ou \u00eatre surprise au quotidien !<\/p>","protected":false},"featured_media":7534,"template":"","meta":[],"product_brand":[],"product_cat":[57,61,71],"product_tag":[],"class_list":{"0":"post-4163","1":"product","2":"type-product","3":"status-publish","4":"has-post-thumbnail","6":"product_cat-accessoires","7":"product_cat-jeux-coquins","8":"product_cat-pour-couple","11":"instock","12":"taxable","13":"shipping-taxable","14":"purchasable","15":"product-type-simple","16":"product-grid-view"},"_links":{"self":[{"href":"https:\/\/www.tahitiplaisirs.com\/en\/wp-json\/wp\/v2\/product\/4163","targetHints":{"allow":["GET"]}}],"collection":[{"href":"https:\/\/www.tahitiplaisirs.com\/en\/wp-json\/wp\/v2\/product"}],"about":[{"href":"https:\/\/www.tahitiplaisirs.com\/en\/wp-json\/wp\/v2\/types\/product"}],"version-history":[{"count":2,"href":"https:\/\/www.tahitiplaisirs.com\/en\/wp-json\/wp\/v2\/product\/4163\/revisions"}],"predecessor-version":[{"id":7533,"href":"https:\/\/www.tahitiplaisirs.com\/en\/wp-json\/wp\/v2\/product\/4163\/revisions\/7533"}],"wp:featuredmedia":[{"embeddable":true,"href":"https:\/\/www.tahitiplaisirs.com\/en\/wp-json\/wp\/v2\/media\/7534"}],"wp:attachment":[{"href":"https:\/\/www.tahitiplaisirs.com\/en\/wp-json\/wp\/v2\/media?parent=4163"}],"wp:term":[{"taxonomy":"product_brand","embeddable":true,"href":"https:\/\/www.tahitiplaisirs.com\/en\/wp-json\/wp\/v2\/product_brand?post=4163"},{"taxonomy":"product_cat","embeddable":true,"href":"https:\/\/www.tahitiplaisirs.com\/en\/wp-json\/wp\/v2\/product_cat?post=4163"},{"taxonomy":"product_tag","embeddable":true,"href":"https:\/\/www.tahitiplaisirs.com\/en\/wp-json\/wp\/v2\/product_tag?post=4163"}],"curies":[{"name":"wp","href":"https:\/\/api.w.org\/{rel}","templated":true}]}}