{"id":4167,"date":"2025-08-15T16:11:55","date_gmt":"2025-08-16T02:11:55","guid":{"rendered":"https:\/\/www.tahitiplaisirs.com\/?post_type=product&#038;p=4167"},"modified":"2026-04-03T08:16:05","modified_gmt":"2026-04-03T18:16:05","slug":"lubrifiant-toko-silicone","status":"publish","type":"product","link":"https:\/\/www.tahitiplaisirs.com\/en\/product\/lubrifiant-toko-silicone\/","title":{"rendered":"Lubrifiant Toko silicone"},"content":{"rendered":"","protected":false},"excerpt":{"rendered":"<p>Lubrifiant silicone de Toko by Shunga Erotic Art<\/p>\n<p>Contenance : 165ml<\/p>\n<p>Ce lubrifiant est \u00e0 base de silicone de haute qualit\u00e9.<\/p>\n<p>Il a \u00e9t\u00e9 \u00e9labor\u00e9 pour faciliter la p\u00e9n\u00e9tration et garantir aux deux partenaires un maximum de plaisir.<\/p>","protected":false},"featured_media":7523,"template":"","meta":[],"product_brand":[90],"product_cat":[49,50],"product_tag":[],"class_list":{"0":"post-4167","1":"product","2":"type-product","3":"status-publish","4":"has-post-thumbnail","6":"product_brand-shunga-erotic-art","7":"product_cat-bien-etre","8":"product_cat-lubrifiants","11":"instock","12":"taxable","13":"shipping-taxable","14":"purchasable","15":"product-type-simple","16":"product-grid-view"},"_links":{"self":[{"href":"https:\/\/www.tahitiplaisirs.com\/en\/wp-json\/wp\/v2\/product\/4167","targetHints":{"allow":["GET"]}}],"collection":[{"href":"https:\/\/www.tahitiplaisirs.com\/en\/wp-json\/wp\/v2\/product"}],"about":[{"href":"https:\/\/www.tahitiplaisirs.com\/en\/wp-json\/wp\/v2\/types\/product"}],"version-history":[{"count":1,"href":"https:\/\/www.tahitiplaisirs.com\/en\/wp-json\/wp\/v2\/product\/4167\/revisions"}],"predecessor-version":[{"id":4197,"href":"https:\/\/www.tahitiplaisirs.com\/en\/wp-json\/wp\/v2\/product\/4167\/revisions\/4197"}],"wp:featuredmedia":[{"embeddable":true,"href":"https:\/\/www.tahitiplaisirs.com\/en\/wp-json\/wp\/v2\/media\/7523"}],"wp:attachment":[{"href":"https:\/\/www.tahitiplaisirs.com\/en\/wp-json\/wp\/v2\/media?parent=4167"}],"wp:term":[{"taxonomy":"product_brand","embeddable":true,"href":"https:\/\/www.tahitiplaisirs.com\/en\/wp-json\/wp\/v2\/product_brand?post=4167"},{"taxonomy":"product_cat","embeddable":true,"href":"https:\/\/www.tahitiplaisirs.com\/en\/wp-json\/wp\/v2\/product_cat?post=4167"},{"taxonomy":"product_tag","embeddable":true,"href":"https:\/\/www.tahitiplaisirs.com\/en\/wp-json\/wp\/v2\/product_tag?post=4167"}],"curies":[{"name":"wp","href":"https:\/\/api.w.org\/{rel}","templated":true}]}}