{"id":4172,"date":"2025-08-15T16:11:55","date_gmt":"2025-08-16T02:11:55","guid":{"rendered":"https:\/\/www.tahitiplaisirs.com\/?post_type=product&#038;p=4172"},"modified":"2026-02-24T15:19:13","modified_gmt":"2026-02-25T01:19:13","slug":"anneau-metallique-yoke-51mm","status":"publish","type":"product","link":"https:\/\/www.tahitiplaisirs.com\/en\/product\/anneau-metallique-yoke-51mm\/","title":{"rendered":"Anneau m\u00e9tallique Yoke 51mm"},"content":{"rendered":"","protected":false},"excerpt":{"rendered":"<p>Anneau m\u00e9tallique Yoke 51mm de Locked<\/p>\n<p>Cet anneau de renforcement est con\u00e7u pour maximiser l&rsquo;endurance et le plaisir chez l&rsquo;homme.<\/p>\n<p>Sa constitution robuste assure une s\u00e9curit\u00e9 optimale tandis que son ajustement pr\u00e9cis promet un confort sans pareil.<\/p>","protected":false},"featured_media":9900,"template":"","meta":[],"product_brand":[140],"product_cat":[68,51],"product_tag":[],"class_list":{"0":"post-4172","1":"product","2":"type-product","3":"status-publish","4":"has-post-thumbnail","6":"product_brand-locked","7":"product_cat-anneaux","8":"product_cat-pour-lui","11":"instock","12":"taxable","13":"shipping-taxable","14":"purchasable","15":"product-type-simple","16":"product-grid-view"},"_links":{"self":[{"href":"https:\/\/www.tahitiplaisirs.com\/en\/wp-json\/wp\/v2\/product\/4172","targetHints":{"allow":["GET"]}}],"collection":[{"href":"https:\/\/www.tahitiplaisirs.com\/en\/wp-json\/wp\/v2\/product"}],"about":[{"href":"https:\/\/www.tahitiplaisirs.com\/en\/wp-json\/wp\/v2\/types\/product"}],"version-history":[{"count":4,"href":"https:\/\/www.tahitiplaisirs.com\/en\/wp-json\/wp\/v2\/product\/4172\/revisions"}],"predecessor-version":[{"id":9905,"href":"https:\/\/www.tahitiplaisirs.com\/en\/wp-json\/wp\/v2\/product\/4172\/revisions\/9905"}],"wp:featuredmedia":[{"embeddable":true,"href":"https:\/\/www.tahitiplaisirs.com\/en\/wp-json\/wp\/v2\/media\/9900"}],"wp:attachment":[{"href":"https:\/\/www.tahitiplaisirs.com\/en\/wp-json\/wp\/v2\/media?parent=4172"}],"wp:term":[{"taxonomy":"product_brand","embeddable":true,"href":"https:\/\/www.tahitiplaisirs.com\/en\/wp-json\/wp\/v2\/product_brand?post=4172"},{"taxonomy":"product_cat","embeddable":true,"href":"https:\/\/www.tahitiplaisirs.com\/en\/wp-json\/wp\/v2\/product_cat?post=4172"},{"taxonomy":"product_tag","embeddable":true,"href":"https:\/\/www.tahitiplaisirs.com\/en\/wp-json\/wp\/v2\/product_tag?post=4172"}],"curies":[{"name":"wp","href":"https:\/\/api.w.org\/{rel}","templated":true}]}}