{"id":4214,"date":"2025-08-15T16:11:59","date_gmt":"2025-08-16T02:11:59","guid":{"rendered":"https:\/\/www.tahitiplaisirs.com\/?post_type=product&#038;p=4214"},"modified":"2026-02-24T15:21:17","modified_gmt":"2026-02-25T01:21:17","slug":"masturbateur-vibrant-lady-jane","status":"publish","type":"product","link":"https:\/\/www.tahitiplaisirs.com\/en\/product\/masturbateur-vibrant-lady-jane\/","title":{"rendered":"Masturbateur vibrant Lady Jane"},"content":{"rendered":"","protected":false},"excerpt":{"rendered":"<p>Masturbateur vibrant Lady Jane de Baile<\/p>\n<p dir=\"ltr\" data-placeholder=\"Traduction\" data-ved=\"2ahUKEwiKp5zihZqDAxWWl2oFHS_hAi4Q3ewLegQIBRAQ\">D\u00e9couvrez Lady Jane, un masturbateur ultra r\u00e9aliste, une r\u00e9plique parfaite d\u2019une paire de fesses f\u00e9minine !<\/p>\n<p dir=\"ltr\" data-placeholder=\"Traduction\" data-ved=\"2ahUKEwiKp5zihZqDAxWWl2oFHS_hAi4Q3ewLegQIBRAQ\">Pourvu de deux orifices tr\u00e8s \u00e9troits dont les d\u00e9tails complexes et saisissants de r\u00e9alisme procureront un maximum de plaisir.<\/p>\n<p dir=\"ltr\" data-placeholder=\"Traduction\" data-ved=\"2ahUKEwiKp5zihZqDAxWWl2oFHS_hAi4Q3ewLegQIBRAQ\">Il est accompagn\u00e9 d&rsquo;un puissant vibromasseur.<\/p>","protected":false},"featured_media":10271,"template":"","meta":[],"product_brand":[143],"product_cat":[78,51,47],"product_tag":[],"class_list":{"0":"post-4214","1":"product","2":"type-product","3":"status-publish","4":"has-post-thumbnail","6":"product_brand-baile","7":"product_cat-masturbateurs","8":"product_cat-pour-lui","9":"product_cat-sextoys","12":"instock","13":"taxable","14":"shipping-taxable","15":"purchasable","16":"product-type-simple","17":"product-grid-view"},"_links":{"self":[{"href":"https:\/\/www.tahitiplaisirs.com\/en\/wp-json\/wp\/v2\/product\/4214","targetHints":{"allow":["GET"]}}],"collection":[{"href":"https:\/\/www.tahitiplaisirs.com\/en\/wp-json\/wp\/v2\/product"}],"about":[{"href":"https:\/\/www.tahitiplaisirs.com\/en\/wp-json\/wp\/v2\/types\/product"}],"version-history":[{"count":3,"href":"https:\/\/www.tahitiplaisirs.com\/en\/wp-json\/wp\/v2\/product\/4214\/revisions"}],"predecessor-version":[{"id":10273,"href":"https:\/\/www.tahitiplaisirs.com\/en\/wp-json\/wp\/v2\/product\/4214\/revisions\/10273"}],"wp:featuredmedia":[{"embeddable":true,"href":"https:\/\/www.tahitiplaisirs.com\/en\/wp-json\/wp\/v2\/media\/10271"}],"wp:attachment":[{"href":"https:\/\/www.tahitiplaisirs.com\/en\/wp-json\/wp\/v2\/media?parent=4214"}],"wp:term":[{"taxonomy":"product_brand","embeddable":true,"href":"https:\/\/www.tahitiplaisirs.com\/en\/wp-json\/wp\/v2\/product_brand?post=4214"},{"taxonomy":"product_cat","embeddable":true,"href":"https:\/\/www.tahitiplaisirs.com\/en\/wp-json\/wp\/v2\/product_cat?post=4214"},{"taxonomy":"product_tag","embeddable":true,"href":"https:\/\/www.tahitiplaisirs.com\/en\/wp-json\/wp\/v2\/product_tag?post=4214"}],"curies":[{"name":"wp","href":"https:\/\/api.w.org\/{rel}","templated":true}]}}