{"id":4215,"date":"2025-08-15T16:11:59","date_gmt":"2025-08-16T02:11:59","guid":{"rendered":"https:\/\/www.tahitiplaisirs.com\/?post_type=product&#038;p=4215"},"modified":"2026-03-24T13:05:03","modified_gmt":"2026-03-24T23:05:03","slug":"seifens-kwang-tze-solution","status":"publish","type":"product","link":"https:\/\/www.tahitiplaisirs.com\/en\/product\/seifens-kwang-tze-solution\/","title":{"rendered":"Seifen&rsquo;s Kwang Tze Solution"},"content":{"rendered":"","protected":false},"excerpt":{"rendered":"<p>Seifen&rsquo;s Kwang Tze Solution<\/p>\n<p>Seifen&rsquo;s Kwang Tze Solution est un aphrodisiaque extr\u00eamement puissant \u00e9labor\u00e9 \u00e0 partir d&rsquo;extraits de plantes naturels.<\/p>\n<p>Issu de la m\u00e9decine chinoise, il est tr\u00e8s efficace contre l&rsquo;\u00e9jaculation pr\u00e9coce.<\/p>\n<p>Il est utiliser pour prolonger l&rsquo;acte et faire durer le plaisir.<\/p>\n<p>Sa formule permet de r\u00e9duire l\u2019hypersensibilit\u00e9 tout en conservant toutes les autres sensations de plaisir.<\/p>\n<p>Mode d&rsquo;utilisation : Appliquez sur le p\u00e9nis \u00e0 l&rsquo;aide de la brosse d&rsquo;application 15 \u00e0 30 minutes avant le rapport sexuel.<\/p>\n<p>Pour une premi\u00e8re utilisation, il est conseiller d\u2019appliquer une petite dose, puis d&rsquo;ajuster au fur et \u00e0 mesure<\/p>\n<p>Un flacon permet environ 20 utilisations.<\/p>\n<p>&nbsp;<\/p>\n<p><strong>Attention :<\/strong> n\u2019utilisez pas ce produit si votre partenaire est enceinte, si vous souffrez de maladies cardiaques, du foie ou des reins.<\/p>\n<p>Il est d\u00e9conseill\u00e9 d&rsquo;utiliser ce produit apr\u00e8s 60 ans.<\/p>\n<p>Ne pas utiliser sur des plaies ouvertes ou sur une peau irrit\u00e9e.<\/p>","protected":false},"featured_media":7501,"template":"","meta":[],"product_brand":[],"product_cat":[51,55],"product_tag":[],"class_list":{"0":"post-4215","1":"product","2":"type-product","3":"status-publish","4":"has-post-thumbnail","6":"product_cat-pour-lui","7":"product_cat-stimulants-hommes","10":"instock","11":"taxable","12":"shipping-taxable","13":"purchasable","14":"product-type-simple","15":"product-grid-view"},"_links":{"self":[{"href":"https:\/\/www.tahitiplaisirs.com\/en\/wp-json\/wp\/v2\/product\/4215","targetHints":{"allow":["GET"]}}],"collection":[{"href":"https:\/\/www.tahitiplaisirs.com\/en\/wp-json\/wp\/v2\/product"}],"about":[{"href":"https:\/\/www.tahitiplaisirs.com\/en\/wp-json\/wp\/v2\/types\/product"}],"version-history":[{"count":2,"href":"https:\/\/www.tahitiplaisirs.com\/en\/wp-json\/wp\/v2\/product\/4215\/revisions"}],"predecessor-version":[{"id":9450,"href":"https:\/\/www.tahitiplaisirs.com\/en\/wp-json\/wp\/v2\/product\/4215\/revisions\/9450"}],"wp:featuredmedia":[{"embeddable":true,"href":"https:\/\/www.tahitiplaisirs.com\/en\/wp-json\/wp\/v2\/media\/7501"}],"wp:attachment":[{"href":"https:\/\/www.tahitiplaisirs.com\/en\/wp-json\/wp\/v2\/media?parent=4215"}],"wp:term":[{"taxonomy":"product_brand","embeddable":true,"href":"https:\/\/www.tahitiplaisirs.com\/en\/wp-json\/wp\/v2\/product_brand?post=4215"},{"taxonomy":"product_cat","embeddable":true,"href":"https:\/\/www.tahitiplaisirs.com\/en\/wp-json\/wp\/v2\/product_cat?post=4215"},{"taxonomy":"product_tag","embeddable":true,"href":"https:\/\/www.tahitiplaisirs.com\/en\/wp-json\/wp\/v2\/product_tag?post=4215"}],"curies":[{"name":"wp","href":"https:\/\/api.w.org\/{rel}","templated":true}]}}