{"id":4216,"date":"2025-08-15T16:11:59","date_gmt":"2025-08-16T02:11:59","guid":{"rendered":"https:\/\/www.tahitiplaisirs.com\/?post_type=product&#038;p=4216"},"modified":"2026-03-21T14:19:21","modified_gmt":"2026-03-22T00:19:21","slug":"masturbateur-janice-griffith","status":"publish","type":"product","link":"https:\/\/www.tahitiplaisirs.com\/en\/product\/masturbateur-janice-griffith\/","title":{"rendered":"Masturbateur Janice Griffith"},"content":{"rendered":"","protected":false},"excerpt":{"rendered":"<p>Masturbateur Janice Griffith de Fleshlight<\/p>\n<p>Nouvelle gamme avec texture interne Eden qui procure encore plus de sensations et de plaisir !<\/p>\n<p>Ce \u00ab\u00a0FleshGirls\u00a0\u00bb est moul\u00e9 directement sur l&rsquo;actrice Janice Griffith.<\/p>\n<p>La mati\u00e8re utilis\u00e9e sur les inserts sont d&rsquo;une qualit\u00e9 et d&rsquo;une douceur irr\u00e9prochables.<\/p>\n<p>100% hypoallerg\u00e9nique et sans phtalates et peut-\u00eatre plong\u00e9e dans l&rsquo;eau ti\u00e8de pour un effet r\u00e9aliste plus que \u00ab\u00a0bluffant\u00a0\u00bb.<\/p>\n<p>L&rsquo;ensemble des Fleshlight ont l&rsquo;avantage de pouvoir recr\u00e9er une p\u00e9n\u00e9tration ultra profonde procurant un plaisir hors du commun.<\/p>\n<p>De plus, un bouchon d\u00e9vissable et r\u00e9glable \u00e0 l&rsquo;extr\u00e9mit\u00e9 permet de laisser l&rsquo;air circuler.<\/p>\n<p>Vous pouvez d\u00e9cider, une fois introduit dans l&rsquo;insert, de fermer compl\u00e8tement le bouchon et d&rsquo;obtenir une succion maximum.<\/p>\n<p>Votre Love shop Tahiti Plaisirs vous conseille d&rsquo;utiliser uniquement des lubrifiants \u00e0 base d&rsquo;eau.<\/p>\n<p>Pour l&rsquo;entretien, sortir l&rsquo;insert silicone de sa bo\u00eete rigide et rincer en faisant couler abondamment de l&rsquo;eau ti\u00e8de dans l&rsquo;orifice puis laisser s\u00e9cher \u00e0 l&rsquo;air libre.<\/p>","protected":false},"featured_media":7497,"template":"","meta":[],"product_brand":[],"product_cat":[78,51,47],"product_tag":[],"class_list":{"0":"post-4216","1":"product","2":"type-product","3":"status-publish","4":"has-post-thumbnail","6":"product_cat-masturbateurs","7":"product_cat-pour-lui","8":"product_cat-sextoys","11":"instock","12":"taxable","13":"shipping-taxable","14":"purchasable","15":"product-type-simple","16":"product-grid-view"},"_links":{"self":[{"href":"https:\/\/www.tahitiplaisirs.com\/en\/wp-json\/wp\/v2\/product\/4216","targetHints":{"allow":["GET"]}}],"collection":[{"href":"https:\/\/www.tahitiplaisirs.com\/en\/wp-json\/wp\/v2\/product"}],"about":[{"href":"https:\/\/www.tahitiplaisirs.com\/en\/wp-json\/wp\/v2\/types\/product"}],"version-history":[{"count":1,"href":"https:\/\/www.tahitiplaisirs.com\/en\/wp-json\/wp\/v2\/product\/4216\/revisions"}],"predecessor-version":[{"id":4246,"href":"https:\/\/www.tahitiplaisirs.com\/en\/wp-json\/wp\/v2\/product\/4216\/revisions\/4246"}],"wp:featuredmedia":[{"embeddable":true,"href":"https:\/\/www.tahitiplaisirs.com\/en\/wp-json\/wp\/v2\/media\/7497"}],"wp:attachment":[{"href":"https:\/\/www.tahitiplaisirs.com\/en\/wp-json\/wp\/v2\/media?parent=4216"}],"wp:term":[{"taxonomy":"product_brand","embeddable":true,"href":"https:\/\/www.tahitiplaisirs.com\/en\/wp-json\/wp\/v2\/product_brand?post=4216"},{"taxonomy":"product_cat","embeddable":true,"href":"https:\/\/www.tahitiplaisirs.com\/en\/wp-json\/wp\/v2\/product_cat?post=4216"},{"taxonomy":"product_tag","embeddable":true,"href":"https:\/\/www.tahitiplaisirs.com\/en\/wp-json\/wp\/v2\/product_tag?post=4216"}],"curies":[{"name":"wp","href":"https:\/\/api.w.org\/{rel}","templated":true}]}}