{"id":4227,"date":"2026-02-05T10:00:59","date_gmt":"2026-02-05T20:00:59","guid":{"rendered":"https:\/\/www.tahitiplaisirs.com\/?post_type=product&#038;p=4227"},"modified":"2026-04-11T11:41:10","modified_gmt":"2026-04-11T21:41:10","slug":"poire-travel-cleaner-220ml","status":"publish","type":"product","link":"https:\/\/www.tahitiplaisirs.com\/en\/product\/poire-travel-cleaner-220ml\/","title":{"rendered":"Poire Travel Cleaner 220ml"},"content":{"rendered":"","protected":false},"excerpt":{"rendered":"<p>Poire de lavement Travel Cleaner 220ml de Addicted Toys<\/p>\n<p>Cette poire de lavement offre un nettoyage rapide et en profondeur, permettant de maintenir une hygi\u00e8ne ad\u00e9quate et confortable pendant la pratique anale, sans complications.<\/p>\n<p>Sa taille et sa capacit\u00e9 le rendent id\u00e9al aussi bien pour un usage personnel \u00e0 la maison que pour les voyages.<\/p>\n<ul>\n<li>Hauteur totale : 168mm, taille compacte mais avec une plus grande capacit\u00e9 pour une utilisation prolong\u00e9e.<\/li>\n<li>Hauteur de l&rsquo;ampoule : 109mm, adapt\u00e9e pour un nettoyage plus profond et plus complet.<\/li>\n<li>Largeur de l&rsquo;ampoule : 81mm, offrant une plus grande capacit\u00e9 pour un nettoyage plus efficace.<\/li>\n<li>Hauteur ins\u00e9rable : 59mm, permettant une insertion contr\u00f4l\u00e9e et confortable.<\/li>\n<li>Capacit\u00e9 totale : 220 ml, id\u00e9al pour celles et ceux qui pr\u00e9f\u00e8rent une plus grande quantit\u00e9 de nettoyant pour diverses applications.<\/li>\n<\/ul>","protected":false},"featured_media":10737,"template":"","meta":[],"product_brand":[120],"product_cat":[49,81,83],"product_tag":[],"class_list":{"0":"post-4227","1":"product","2":"type-product","3":"status-publish","4":"has-post-thumbnail","6":"product_brand-addicted-toys","7":"product_cat-bien-etre","8":"product_cat-hygiene","9":"product_cat-lavement","12":"instock","13":"taxable","14":"shipping-taxable","15":"purchasable","16":"product-type-simple","17":"product-grid-view"},"_links":{"self":[{"href":"https:\/\/www.tahitiplaisirs.com\/en\/wp-json\/wp\/v2\/product\/4227","targetHints":{"allow":["GET"]}}],"collection":[{"href":"https:\/\/www.tahitiplaisirs.com\/en\/wp-json\/wp\/v2\/product"}],"about":[{"href":"https:\/\/www.tahitiplaisirs.com\/en\/wp-json\/wp\/v2\/types\/product"}],"version-history":[{"count":3,"href":"https:\/\/www.tahitiplaisirs.com\/en\/wp-json\/wp\/v2\/product\/4227\/revisions"}],"predecessor-version":[{"id":10739,"href":"https:\/\/www.tahitiplaisirs.com\/en\/wp-json\/wp\/v2\/product\/4227\/revisions\/10739"}],"wp:featuredmedia":[{"embeddable":true,"href":"https:\/\/www.tahitiplaisirs.com\/en\/wp-json\/wp\/v2\/media\/10737"}],"wp:attachment":[{"href":"https:\/\/www.tahitiplaisirs.com\/en\/wp-json\/wp\/v2\/media?parent=4227"}],"wp:term":[{"taxonomy":"product_brand","embeddable":true,"href":"https:\/\/www.tahitiplaisirs.com\/en\/wp-json\/wp\/v2\/product_brand?post=4227"},{"taxonomy":"product_cat","embeddable":true,"href":"https:\/\/www.tahitiplaisirs.com\/en\/wp-json\/wp\/v2\/product_cat?post=4227"},{"taxonomy":"product_tag","embeddable":true,"href":"https:\/\/www.tahitiplaisirs.com\/en\/wp-json\/wp\/v2\/product_tag?post=4227"}],"curies":[{"name":"wp","href":"https:\/\/api.w.org\/{rel}","templated":true}]}}