{"id":4228,"date":"2025-08-15T16:11:59","date_gmt":"2025-08-16T02:11:59","guid":{"rendered":"https:\/\/www.tahitiplaisirs.com\/?post_type=product&#038;p=4228"},"modified":"2026-03-21T14:19:17","modified_gmt":"2026-03-22T00:19:17","slug":"boule-yoni-power-2-noir","status":"publish","type":"product","link":"https:\/\/www.tahitiplaisirs.com\/en\/product\/boule-yoni-power-2-noir\/","title":{"rendered":"Boule Yoni Power 2 noir"},"content":{"rendered":"","protected":false},"excerpt":{"rendered":"<p>Boules Yoni Power 2 noir de Satisfyer<\/p>\n<p>Entra\u00eener vos muscles du plancher pelvien en seulement 15 minutes par jour pour vivre des orgasmes encore plus intenses avec les boules Yoni Power 2.<\/p>\n<p>Les diff\u00e9rentes tailles et poids de ces boules permettent une mont\u00e9e lente et progressive.<\/p>\n<p>Vous commencez avec la balle la plus grosse et la plus lourde (3cm de diam\u00e8tre, 73g), ensuite la balle interm\u00e9diaire (2,5cm de diam\u00e8tre, 44g) et pour terminer avec la plus petite (2cm de diam\u00e8tre, 22g).<\/p>\n<p>L&rsquo;entra\u00eenement du plancher pelvien renforce les muscles pour des orgasmes plus intenses.<\/p>\n<p>Ces boules sont fabriqu\u00e9 \u00e0 partir de silicone de qualit\u00e9 m\u00e9dicale super doux pour la peau, doux au toucher et extr\u00eamement hygi\u00e9nique.<\/p>\n<p>L&rsquo; anneau de retenue permet une utilisation s\u00fbre.<\/p>","protected":false},"featured_media":7549,"template":"","meta":[],"product_brand":[103],"product_cat":[75,47],"product_tag":[],"class_list":{"0":"post-4228","1":"product","2":"type-product","3":"status-publish","4":"has-post-thumbnail","6":"product_brand-satisfyer","7":"product_cat-oeufs-boules-de-geisha","8":"product_cat-sextoys","11":"instock","12":"taxable","13":"shipping-taxable","14":"purchasable","15":"product-type-simple","16":"product-grid-view"},"_links":{"self":[{"href":"https:\/\/www.tahitiplaisirs.com\/en\/wp-json\/wp\/v2\/product\/4228","targetHints":{"allow":["GET"]}}],"collection":[{"href":"https:\/\/www.tahitiplaisirs.com\/en\/wp-json\/wp\/v2\/product"}],"about":[{"href":"https:\/\/www.tahitiplaisirs.com\/en\/wp-json\/wp\/v2\/types\/product"}],"version-history":[{"count":1,"href":"https:\/\/www.tahitiplaisirs.com\/en\/wp-json\/wp\/v2\/product\/4228\/revisions"}],"predecessor-version":[{"id":4258,"href":"https:\/\/www.tahitiplaisirs.com\/en\/wp-json\/wp\/v2\/product\/4228\/revisions\/4258"}],"wp:featuredmedia":[{"embeddable":true,"href":"https:\/\/www.tahitiplaisirs.com\/en\/wp-json\/wp\/v2\/media\/7549"}],"wp:attachment":[{"href":"https:\/\/www.tahitiplaisirs.com\/en\/wp-json\/wp\/v2\/media?parent=4228"}],"wp:term":[{"taxonomy":"product_brand","embeddable":true,"href":"https:\/\/www.tahitiplaisirs.com\/en\/wp-json\/wp\/v2\/product_brand?post=4228"},{"taxonomy":"product_cat","embeddable":true,"href":"https:\/\/www.tahitiplaisirs.com\/en\/wp-json\/wp\/v2\/product_cat?post=4228"},{"taxonomy":"product_tag","embeddable":true,"href":"https:\/\/www.tahitiplaisirs.com\/en\/wp-json\/wp\/v2\/product_tag?post=4228"}],"curies":[{"name":"wp","href":"https:\/\/api.w.org\/{rel}","templated":true}]}}