{"id":4230,"date":"2025-08-15T16:12:00","date_gmt":"2025-08-16T02:12:00","guid":{"rendered":"https:\/\/www.tahitiplaisirs.com\/?post_type=product&#038;p=4230"},"modified":"2026-04-01T09:16:07","modified_gmt":"2026-04-01T19:16:07","slug":"oeuf-berger-youth-violet","status":"publish","type":"product","link":"https:\/\/www.tahitiplaisirs.com\/en\/product\/oeuf-berger-youth-violet\/","title":{"rendered":"\u0152uf Berger-Youth violet"},"content":{"rendered":"","protected":false},"excerpt":{"rendered":"<p>\u0152uf Berger-Youth de Baile &#8211; Pretty Love<\/p>\n<p>L&rsquo;\u0153uf Berger-Youth a \u00e9t\u00e9 con\u00e7u pour stimuler discr\u00e8tement avec une puissance variable\u00a0et une\u00a0connectivit\u00e9 sans fil.<\/p>\n<p>Cet \u0153uf est id\u00e9al pour celles qui cherchent \u00e0 ajouter une dimension innovante \u00e0 leur vie amoureuse.<\/p>\n<p>Il offre une port\u00e9e exceptionnelle et propose 12 modes de vibration, le rendant parfait pour des moments de plaisir solo ou en couple.<\/p>\n<p>Caract\u00e9ristiques :<\/p>\n<ul>\n<li>Contr\u00f4le \u00e0 distance pour une utilisation versatile<\/li>\n<li>Design compact et discret<\/li>\n<li>Fabriqu\u00e9 en silicone s\u00fbr pour le corps<\/li>\n<li>Rechargeable et \u00e9conomique<\/li>\n<\/ul>","protected":false},"featured_media":10691,"template":"","meta":[],"product_brand":[93],"product_cat":[75,47],"product_tag":[],"class_list":{"0":"post-4230","1":"product","2":"type-product","3":"status-publish","4":"has-post-thumbnail","6":"product_brand-baile-pretty-love","7":"product_cat-oeufs-boules-de-geisha","8":"product_cat-sextoys","11":"instock","12":"taxable","13":"shipping-taxable","14":"purchasable","15":"product-type-simple","16":"product-grid-view"},"_links":{"self":[{"href":"https:\/\/www.tahitiplaisirs.com\/en\/wp-json\/wp\/v2\/product\/4230","targetHints":{"allow":["GET"]}}],"collection":[{"href":"https:\/\/www.tahitiplaisirs.com\/en\/wp-json\/wp\/v2\/product"}],"about":[{"href":"https:\/\/www.tahitiplaisirs.com\/en\/wp-json\/wp\/v2\/types\/product"}],"version-history":[{"count":3,"href":"https:\/\/www.tahitiplaisirs.com\/en\/wp-json\/wp\/v2\/product\/4230\/revisions"}],"predecessor-version":[{"id":10689,"href":"https:\/\/www.tahitiplaisirs.com\/en\/wp-json\/wp\/v2\/product\/4230\/revisions\/10689"}],"wp:featuredmedia":[{"embeddable":true,"href":"https:\/\/www.tahitiplaisirs.com\/en\/wp-json\/wp\/v2\/media\/10691"}],"wp:attachment":[{"href":"https:\/\/www.tahitiplaisirs.com\/en\/wp-json\/wp\/v2\/media?parent=4230"}],"wp:term":[{"taxonomy":"product_brand","embeddable":true,"href":"https:\/\/www.tahitiplaisirs.com\/en\/wp-json\/wp\/v2\/product_brand?post=4230"},{"taxonomy":"product_cat","embeddable":true,"href":"https:\/\/www.tahitiplaisirs.com\/en\/wp-json\/wp\/v2\/product_cat?post=4230"},{"taxonomy":"product_tag","embeddable":true,"href":"https:\/\/www.tahitiplaisirs.com\/en\/wp-json\/wp\/v2\/product_tag?post=4230"}],"curies":[{"name":"wp","href":"https:\/\/api.w.org\/{rel}","templated":true}]}}