{"id":4234,"date":"2025-08-15T16:12:00","date_gmt":"2025-08-16T02:12:00","guid":{"rendered":"https:\/\/www.tahitiplaisirs.com\/?post_type=product&#038;p=4234"},"modified":"2026-03-21T14:19:11","modified_gmt":"2026-03-22T00:19:11","slug":"jeu-sexy-rendez-vous","status":"publish","type":"product","link":"https:\/\/www.tahitiplaisirs.com\/en\/product\/jeu-sexy-rendez-vous\/","title":{"rendered":"Jeu sexy rendez vous"},"content":{"rendered":"","protected":false},"excerpt":{"rendered":"<p>Jeu sexy rendez vous de Kheper Games<\/p>\n<p>Ce jeu est compos\u00e9 d&rsquo;un plateau pliable 24 x 16cm, de 10 cartes Rendez-vous, de 2 pions et d&rsquo;un d\u00e9.<\/p>\n<p>M\u00e9langez le jeu de 10 cartes et posez le face contre terre. Chacun son tour, les joueurs lancent le d\u00e9 en se d\u00e9pla\u00e7ant sur le plateau de jeu, et en ex\u00e9cutant les actions en fonctions des endroits sur lesquels il\/elle tombe. Les choses \u00e0 ex\u00e9cuter vont du simple massage les yeux band\u00e9s, ou imiter une danseuse de p\u00f4le dance, \u00e0 bander les yeux et faire des g\u00e2teries juste avec les mains, en passant par des positions \u00e0 tester&#8230;<\/p>","protected":false},"featured_media":7499,"template":"","meta":[],"product_brand":[],"product_cat":[57,61,71],"product_tag":[],"class_list":{"0":"post-4234","1":"product","2":"type-product","3":"status-publish","4":"has-post-thumbnail","6":"product_cat-accessoires","7":"product_cat-jeux-coquins","8":"product_cat-pour-couple","11":"instock","12":"taxable","13":"shipping-taxable","14":"purchasable","15":"product-type-simple","16":"product-grid-view"},"_links":{"self":[{"href":"https:\/\/www.tahitiplaisirs.com\/en\/wp-json\/wp\/v2\/product\/4234","targetHints":{"allow":["GET"]}}],"collection":[{"href":"https:\/\/www.tahitiplaisirs.com\/en\/wp-json\/wp\/v2\/product"}],"about":[{"href":"https:\/\/www.tahitiplaisirs.com\/en\/wp-json\/wp\/v2\/types\/product"}],"version-history":[{"count":1,"href":"https:\/\/www.tahitiplaisirs.com\/en\/wp-json\/wp\/v2\/product\/4234\/revisions"}],"predecessor-version":[{"id":4264,"href":"https:\/\/www.tahitiplaisirs.com\/en\/wp-json\/wp\/v2\/product\/4234\/revisions\/4264"}],"wp:featuredmedia":[{"embeddable":true,"href":"https:\/\/www.tahitiplaisirs.com\/en\/wp-json\/wp\/v2\/media\/7499"}],"wp:attachment":[{"href":"https:\/\/www.tahitiplaisirs.com\/en\/wp-json\/wp\/v2\/media?parent=4234"}],"wp:term":[{"taxonomy":"product_brand","embeddable":true,"href":"https:\/\/www.tahitiplaisirs.com\/en\/wp-json\/wp\/v2\/product_brand?post=4234"},{"taxonomy":"product_cat","embeddable":true,"href":"https:\/\/www.tahitiplaisirs.com\/en\/wp-json\/wp\/v2\/product_cat?post=4234"},{"taxonomy":"product_tag","embeddable":true,"href":"https:\/\/www.tahitiplaisirs.com\/en\/wp-json\/wp\/v2\/product_tag?post=4234"}],"curies":[{"name":"wp","href":"https:\/\/api.w.org\/{rel}","templated":true}]}}