{"id":4265,"date":"2025-08-15T16:12:03","date_gmt":"2025-08-16T02:12:03","guid":{"rendered":"https:\/\/www.tahitiplaisirs.com\/?post_type=product&#038;p=4265"},"modified":"2026-02-24T15:20:19","modified_gmt":"2026-02-25T01:20:19","slug":"jeu-sex-in-the-countryside","status":"publish","type":"product","link":"https:\/\/www.tahitiplaisirs.com\/en\/product\/jeu-sex-in-the-countryside\/","title":{"rendered":"Jeu Sex in the countryside"},"content":{"rendered":"","protected":false},"excerpt":{"rendered":"<p>Jeu Sex in the countryside de Secret Play<\/p>\n<p>Vous pr\u00e9voyez une escapade romantique avec votre partenaire et souhaitez ajouter une touche d\u2019excitation \u00e0 ce voyage tant attendu ?<\/p>\n<p>Ne manquez pas l\u2019occasion de rendre cette exp\u00e9rience inoubliable avec les id\u00e9es coquines de ce coffret !<\/p>\n<p>Imaginez combiner l\u2019aventure et la passion en jouant \u00e0 cache-cache parmi les arbres, o\u00f9 si votre partenaire vous trouve, une r\u00e9compense vous attend.<\/p>\n<p>Ce kit sera votre partenaire id\u00e9al pour une soir\u00e9e coquine.<\/p>\n<p>Le jeu comprend :<\/p>\n<ul>\n<li>40 cartes de t\u00e2ches<\/li>\n<li>1 balle vibrante<\/li>\n<li>1 d\u00e9 Kamasutra<\/li>\n<li>1 sachet d\u2019huile de massage<\/li>\n<li>1 sachet de lubrifiant<\/li>\n<li>1 sachet de gel liquide activateur de plaisir<\/li>\n<\/ul>","protected":false},"featured_media":10132,"template":"","meta":[],"product_brand":[91],"product_cat":[57,61,71],"product_tag":[],"class_list":{"0":"post-4265","1":"product","2":"type-product","3":"status-publish","4":"has-post-thumbnail","6":"product_brand-secret-play","7":"product_cat-accessoires","8":"product_cat-jeux-coquins","9":"product_cat-pour-couple","12":"instock","13":"taxable","14":"shipping-taxable","15":"purchasable","16":"product-type-simple","17":"product-grid-view"},"_links":{"self":[{"href":"https:\/\/www.tahitiplaisirs.com\/en\/wp-json\/wp\/v2\/product\/4265","targetHints":{"allow":["GET"]}}],"collection":[{"href":"https:\/\/www.tahitiplaisirs.com\/en\/wp-json\/wp\/v2\/product"}],"about":[{"href":"https:\/\/www.tahitiplaisirs.com\/en\/wp-json\/wp\/v2\/types\/product"}],"version-history":[{"count":3,"href":"https:\/\/www.tahitiplaisirs.com\/en\/wp-json\/wp\/v2\/product\/4265\/revisions"}],"predecessor-version":[{"id":10147,"href":"https:\/\/www.tahitiplaisirs.com\/en\/wp-json\/wp\/v2\/product\/4265\/revisions\/10147"}],"wp:featuredmedia":[{"embeddable":true,"href":"https:\/\/www.tahitiplaisirs.com\/en\/wp-json\/wp\/v2\/media\/10132"}],"wp:attachment":[{"href":"https:\/\/www.tahitiplaisirs.com\/en\/wp-json\/wp\/v2\/media?parent=4265"}],"wp:term":[{"taxonomy":"product_brand","embeddable":true,"href":"https:\/\/www.tahitiplaisirs.com\/en\/wp-json\/wp\/v2\/product_brand?post=4265"},{"taxonomy":"product_cat","embeddable":true,"href":"https:\/\/www.tahitiplaisirs.com\/en\/wp-json\/wp\/v2\/product_cat?post=4265"},{"taxonomy":"product_tag","embeddable":true,"href":"https:\/\/www.tahitiplaisirs.com\/en\/wp-json\/wp\/v2\/product_tag?post=4265"}],"curies":[{"name":"wp","href":"https:\/\/api.w.org\/{rel}","templated":true}]}}