{"id":4267,"date":"2025-08-15T16:12:03","date_gmt":"2025-08-16T02:12:03","guid":{"rendered":"https:\/\/www.tahitiplaisirs.com\/?post_type=product&#038;p=4267"},"modified":"2026-02-24T15:16:04","modified_gmt":"2026-02-25T01:16:04","slug":"double-gode-en-verre-rose-n8","status":"publish","type":"product","link":"https:\/\/www.tahitiplaisirs.com\/en\/product\/double-gode-en-verre-rose-n8\/","title":{"rendered":"Double gode en verre rose n\u00b08"},"content":{"rendered":"","protected":false},"excerpt":{"rendered":"<p>Double gode en verre rose n\u00b08 de Glossy<\/p>\n<p>Gode en verre incassable rose translucide avec une forme coud\u00e9e, non poreux et sans danger pour le corps, qui vous donnera enti\u00e8re satisfaction pendant tr\u00e8s longtemps.<\/p>\n<p>Une terminaison en forme de gland d&rsquo;un c\u00f4t\u00e9 et de l&rsquo;autre, une forme annel\u00e9e, pour varier les stimulations selon l&rsquo;extr\u00e9mit\u00e9 utilis\u00e9e.<\/p>\n<p>Effectivement, ce gode est utilisable par ses 2 extr\u00e9mit\u00e9s : la partie ondul\u00e9e est particuli\u00e8rement appr\u00e9ci\u00e9e pour le plaisir anal, tandis que la partie coud\u00e9e avec une terminaison en boule est pour la stimulation vaginale et du point G.<\/p>\n<p>Sa composition en verre borosilicate vous permet de le r\u00e9chauffer en le passant sous l\u2019eau chaude ou bien de le refroidir au r\u00e9frig\u00e9rateur pour varier les plaisirs.<\/p>\n<p>Un sextoy en verre chaud d\u00e9tendra les muscles pour une p\u00e9n\u00e9tration plus facile tandis qu\u2019un sextoy froid contractera les muscles pour vous amener a un orgasme de plus en plus intense.<\/p>","protected":false},"featured_media":9953,"template":"","meta":[],"product_brand":[141],"product_cat":[53,62,47],"product_tag":[],"class_list":{"0":"post-4267","1":"product","2":"type-product","3":"status-publish","4":"has-post-thumbnail","6":"product_brand-glossy","7":"product_cat-godemichets","8":"product_cat-plaisir-anal","9":"product_cat-sextoys","12":"instock","13":"taxable","14":"shipping-taxable","15":"purchasable","16":"product-type-simple","17":"product-grid-view"},"_links":{"self":[{"href":"https:\/\/www.tahitiplaisirs.com\/en\/wp-json\/wp\/v2\/product\/4267","targetHints":{"allow":["GET"]}}],"collection":[{"href":"https:\/\/www.tahitiplaisirs.com\/en\/wp-json\/wp\/v2\/product"}],"about":[{"href":"https:\/\/www.tahitiplaisirs.com\/en\/wp-json\/wp\/v2\/types\/product"}],"version-history":[{"count":4,"href":"https:\/\/www.tahitiplaisirs.com\/en\/wp-json\/wp\/v2\/product\/4267\/revisions"}],"predecessor-version":[{"id":9960,"href":"https:\/\/www.tahitiplaisirs.com\/en\/wp-json\/wp\/v2\/product\/4267\/revisions\/9960"}],"wp:featuredmedia":[{"embeddable":true,"href":"https:\/\/www.tahitiplaisirs.com\/en\/wp-json\/wp\/v2\/media\/9953"}],"wp:attachment":[{"href":"https:\/\/www.tahitiplaisirs.com\/en\/wp-json\/wp\/v2\/media?parent=4267"}],"wp:term":[{"taxonomy":"product_brand","embeddable":true,"href":"https:\/\/www.tahitiplaisirs.com\/en\/wp-json\/wp\/v2\/product_brand?post=4267"},{"taxonomy":"product_cat","embeddable":true,"href":"https:\/\/www.tahitiplaisirs.com\/en\/wp-json\/wp\/v2\/product_cat?post=4267"},{"taxonomy":"product_tag","embeddable":true,"href":"https:\/\/www.tahitiplaisirs.com\/en\/wp-json\/wp\/v2\/product_tag?post=4267"}],"curies":[{"name":"wp","href":"https:\/\/api.w.org\/{rel}","templated":true}]}}