{"id":4270,"date":"2025-08-15T16:12:03","date_gmt":"2025-08-16T02:12:03","guid":{"rendered":"https:\/\/www.tahitiplaisirs.com\/?post_type=product&#038;p=4270"},"modified":"2026-03-21T14:19:07","modified_gmt":"2026-03-22T00:19:07","slug":"bougie-de-massage-aphrodisia","status":"publish","type":"product","link":"https:\/\/www.tahitiplaisirs.com\/en\/product\/bougie-de-massage-aphrodisia\/","title":{"rendered":"Bougie de massage Aphrodisia"},"content":{"rendered":"","protected":false},"excerpt":{"rendered":"<div id=\"featurebullets_feature_div\" class=\"celwidget\" data-feature-name=\"featurebullets\" data-csa-c-id=\"hg9zbx-9i2wt9-5b9xjt-ow2oav\" data-cel-widget=\"featurebullets_feature_div\">\n<div id=\"feature-bullets\" class=\"a-section a-spacing-medium a-spacing-top-small\">\n<p>Bougie de massage Aphrodisia de Shunga Erotic Art<\/p>\n<p>Ar\u00f4me : p\u00e9tales de rose<\/p>\n<p><span class=\"a-list-item\">Contenance:<\/span> 30ml = 7h d&rsquo;utilisation<\/p>\n<p>L&rsquo;huile ne colle pas sur la peau, elle permet de profiter d&rsquo;un\u00a0massage du corps entier\u00a0sans avoir \u00e0 se doucher apr\u00e8s.<\/p>\n<p>Sa texture onctueuse permet aux mains de glisser avec d\u00e9licatesse sur la peau.<\/p>\n<p><span class=\"a-list-item\">L\u2019ar\u00f4me subtil et l&rsquo;effet agr\u00e9able de la chaleur combin\u00e9s \u00e0 un massage empreint de sensualit\u00e9 vous feront d\u00e9couvrir des moments d&rsquo;intense excitation !<\/span><\/p>\n<p>Composition: huiles 100% naturelles (soja, noix de coco et d&rsquo;amandes).<\/p>\n<p>Mode d&#8217;emploi:<\/p>\n<p>Allumez la bougie<span class=\"a-list-item\">, attendez environ 20 minutes et \u00e9teignez la flamme.<\/span> Elle est ti\u00e8de au toucher.<\/p>\n<p><span class=\"a-list-item\">Versez l&rsquo;huile fondue dans la paume de la main (l&rsquo;huile sera chaude mais non br\u00fblante) et appliquez-la d\u00e9licatement sur le corps de votre partenaire.<\/span><\/p>\n<p>Attention ! \u00c9teignez la flamme avant de verser l&rsquo;huile. Ne laissez jamais br\u00fbler la bougie sans surveillance.<\/p>\n<p>\u00c9viter les parties intimes avec cette huile parfum\u00e9e d&rsquo;huiles essentielles non comestibles.<\/p>\n<p>Cette huile est non recommand\u00e9e comme lubrifiant, utilisation externe seulement.<\/p>\n<\/div>\n<\/div>","protected":false},"featured_media":6985,"template":"","meta":[],"product_brand":[90],"product_cat":[49,56],"product_tag":[],"class_list":{"0":"post-4270","1":"product","2":"type-product","3":"status-publish","4":"has-post-thumbnail","6":"product_brand-shunga-erotic-art","7":"product_cat-bien-etre","8":"product_cat-huiles","11":"instock","12":"taxable","13":"shipping-taxable","14":"purchasable","15":"product-type-simple","16":"product-grid-view"},"_links":{"self":[{"href":"https:\/\/www.tahitiplaisirs.com\/en\/wp-json\/wp\/v2\/product\/4270","targetHints":{"allow":["GET"]}}],"collection":[{"href":"https:\/\/www.tahitiplaisirs.com\/en\/wp-json\/wp\/v2\/product"}],"about":[{"href":"https:\/\/www.tahitiplaisirs.com\/en\/wp-json\/wp\/v2\/types\/product"}],"version-history":[{"count":1,"href":"https:\/\/www.tahitiplaisirs.com\/en\/wp-json\/wp\/v2\/product\/4270\/revisions"}],"predecessor-version":[{"id":4300,"href":"https:\/\/www.tahitiplaisirs.com\/en\/wp-json\/wp\/v2\/product\/4270\/revisions\/4300"}],"wp:featuredmedia":[{"embeddable":true,"href":"https:\/\/www.tahitiplaisirs.com\/en\/wp-json\/wp\/v2\/media\/6985"}],"wp:attachment":[{"href":"https:\/\/www.tahitiplaisirs.com\/en\/wp-json\/wp\/v2\/media?parent=4270"}],"wp:term":[{"taxonomy":"product_brand","embeddable":true,"href":"https:\/\/www.tahitiplaisirs.com\/en\/wp-json\/wp\/v2\/product_brand?post=4270"},{"taxonomy":"product_cat","embeddable":true,"href":"https:\/\/www.tahitiplaisirs.com\/en\/wp-json\/wp\/v2\/product_cat?post=4270"},{"taxonomy":"product_tag","embeddable":true,"href":"https:\/\/www.tahitiplaisirs.com\/en\/wp-json\/wp\/v2\/product_tag?post=4270"}],"curies":[{"name":"wp","href":"https:\/\/api.w.org\/{rel}","templated":true}]}}