{"id":4274,"date":"2025-08-15T16:12:03","date_gmt":"2025-08-16T02:12:03","guid":{"rendered":"https:\/\/www.tahitiplaisirs.com\/?post_type=product&#038;p=4274"},"modified":"2026-03-04T11:23:07","modified_gmt":"2026-03-04T21:23:07","slug":"body-rouge-kl-s-l","status":"publish","type":"product","link":"https:\/\/www.tahitiplaisirs.com\/en\/product\/body-rouge-kl-s-l\/","title":{"rendered":"Body rouge KL S-L"},"content":{"rendered":"","protected":false},"excerpt":{"rendered":"<p>Body rouge S-L de Killer Legs<\/p>\n<p>Body une pi\u00e8ce sans bretelles qui pr\u00e9sente un d\u00e9collet\u00e9 en X, des anneaux en forme de goutte et une coupe string.<\/p>\n<p>Un mod\u00e8le irr\u00e9sistible qui \u00e9pouse votre taille et met en valeur vos courbes !<\/p>","protected":false},"featured_media":10284,"template":"","meta":[],"product_brand":[136],"product_cat":[73,74,63],"product_tag":[],"class_list":{"0":"post-4274","1":"product","2":"type-product","3":"status-publish","4":"has-post-thumbnail","6":"product_brand-killer-legs","7":"product_cat-lingerie-sexy","8":"product_cat-nuisettes-bodys-et-set","9":"product_cat-pour-elle","12":"instock","13":"taxable","14":"shipping-taxable","15":"purchasable","16":"product-type-simple","17":"product-grid-view"},"_links":{"self":[{"href":"https:\/\/www.tahitiplaisirs.com\/en\/wp-json\/wp\/v2\/product\/4274","targetHints":{"allow":["GET"]}}],"collection":[{"href":"https:\/\/www.tahitiplaisirs.com\/en\/wp-json\/wp\/v2\/product"}],"about":[{"href":"https:\/\/www.tahitiplaisirs.com\/en\/wp-json\/wp\/v2\/types\/product"}],"version-history":[{"count":3,"href":"https:\/\/www.tahitiplaisirs.com\/en\/wp-json\/wp\/v2\/product\/4274\/revisions"}],"predecessor-version":[{"id":10291,"href":"https:\/\/www.tahitiplaisirs.com\/en\/wp-json\/wp\/v2\/product\/4274\/revisions\/10291"}],"wp:featuredmedia":[{"embeddable":true,"href":"https:\/\/www.tahitiplaisirs.com\/en\/wp-json\/wp\/v2\/media\/10284"}],"wp:attachment":[{"href":"https:\/\/www.tahitiplaisirs.com\/en\/wp-json\/wp\/v2\/media?parent=4274"}],"wp:term":[{"taxonomy":"product_brand","embeddable":true,"href":"https:\/\/www.tahitiplaisirs.com\/en\/wp-json\/wp\/v2\/product_brand?post=4274"},{"taxonomy":"product_cat","embeddable":true,"href":"https:\/\/www.tahitiplaisirs.com\/en\/wp-json\/wp\/v2\/product_cat?post=4274"},{"taxonomy":"product_tag","embeddable":true,"href":"https:\/\/www.tahitiplaisirs.com\/en\/wp-json\/wp\/v2\/product_tag?post=4274"}],"curies":[{"name":"wp","href":"https:\/\/api.w.org\/{rel}","templated":true}]}}