{"id":4283,"date":"2025-08-15T16:12:04","date_gmt":"2025-08-16T02:12:04","guid":{"rendered":"https:\/\/www.tahitiplaisirs.com\/?post_type=product&#038;p=4283"},"modified":"2026-03-14T14:01:05","modified_gmt":"2026-03-15T00:01:05","slug":"lubrifiant-hot-cold-saveur-menthe-100ml","status":"publish","type":"product","link":"https:\/\/www.tahitiplaisirs.com\/en\/product\/lubrifiant-hot-cold-saveur-menthe-100ml\/","title":{"rendered":"Lubrifiant Hot &#038; Cold saveur menthe 100ml"},"content":{"rendered":"","protected":false},"excerpt":{"rendered":"<p>Lubrifiant Hot &amp; Cold saveur menthe 100ml de Intt<\/p>\n<p>Amplifiez vos sensations de plaisir avec ce\u00a0lubrifiant \u00e0 effet chaud et froid et au go\u00fbt de menthe.<\/p>\n<p>Ce gel intime provoque un effet froid imm\u00e9diat, suivi d&rsquo;une sensation de chaleur lors des mouvements de friction.<\/p>\n<p>Il est formul\u00e9 \u00e0 base d&rsquo;eau et sa composition naturelle le rend parfaitement compatible avec les pr\u00e9servatifs et les sex-toys.<\/p>\n<p>Appliquez une petite quantit\u00e9 sur le corps ou la zone intime et attendre quelques minutes.<\/p>","protected":false},"featured_media":10501,"template":"","meta":[],"product_brand":[],"product_cat":[49,50],"product_tag":[],"class_list":{"0":"post-4283","1":"product","2":"type-product","3":"status-publish","4":"has-post-thumbnail","6":"product_cat-bien-etre","7":"product_cat-lubrifiants","10":"instock","11":"taxable","12":"shipping-taxable","13":"purchasable","14":"product-type-simple","15":"product-grid-view"},"_links":{"self":[{"href":"https:\/\/www.tahitiplaisirs.com\/en\/wp-json\/wp\/v2\/product\/4283","targetHints":{"allow":["GET"]}}],"collection":[{"href":"https:\/\/www.tahitiplaisirs.com\/en\/wp-json\/wp\/v2\/product"}],"about":[{"href":"https:\/\/www.tahitiplaisirs.com\/en\/wp-json\/wp\/v2\/types\/product"}],"version-history":[{"count":2,"href":"https:\/\/www.tahitiplaisirs.com\/en\/wp-json\/wp\/v2\/product\/4283\/revisions"}],"predecessor-version":[{"id":10505,"href":"https:\/\/www.tahitiplaisirs.com\/en\/wp-json\/wp\/v2\/product\/4283\/revisions\/10505"}],"wp:featuredmedia":[{"embeddable":true,"href":"https:\/\/www.tahitiplaisirs.com\/en\/wp-json\/wp\/v2\/media\/10501"}],"wp:attachment":[{"href":"https:\/\/www.tahitiplaisirs.com\/en\/wp-json\/wp\/v2\/media?parent=4283"}],"wp:term":[{"taxonomy":"product_brand","embeddable":true,"href":"https:\/\/www.tahitiplaisirs.com\/en\/wp-json\/wp\/v2\/product_brand?post=4283"},{"taxonomy":"product_cat","embeddable":true,"href":"https:\/\/www.tahitiplaisirs.com\/en\/wp-json\/wp\/v2\/product_cat?post=4283"},{"taxonomy":"product_tag","embeddable":true,"href":"https:\/\/www.tahitiplaisirs.com\/en\/wp-json\/wp\/v2\/product_tag?post=4283"}],"curies":[{"name":"wp","href":"https:\/\/api.w.org\/{rel}","templated":true}]}}