{"id":4293,"date":"2025-08-15T16:12:04","date_gmt":"2025-08-16T02:12:04","guid":{"rendered":"https:\/\/www.tahitiplaisirs.com\/?post_type=product&#038;p=4293"},"modified":"2026-02-24T15:16:02","modified_gmt":"2026-02-25T01:16:02","slug":"double-gode-en-verre-rose-n7","status":"publish","type":"product","link":"https:\/\/www.tahitiplaisirs.com\/en\/product\/double-gode-en-verre-rose-n7\/","title":{"rendered":"Double gode en verre rose n\u00b07"},"content":{"rendered":"","protected":false},"excerpt":{"rendered":"<p>Double gode en verre rose de Glossy<\/p>\n<p>Double gode en verre rose translucide et incassable pouvant \u00eatre chauff\u00e9 ou refroidi pour des sensations incroyables.<\/p>\n<p>Il est l\u00e9g\u00e8rement incurv\u00e9 et une p\u00e9n\u00e9tration simultan\u00e9e des 2 c\u00f4t\u00e9s est envisageable.<\/p>\n<p>Pour ranger ce joujou en verre, une pochette velours est incluse.<\/p>\n<p>Ce gode mesure 22,5cm au total pour un diam\u00e8tre de 3,5cm.<\/p>","protected":false},"featured_media":9934,"template":"","meta":[],"product_brand":[141],"product_cat":[53,62,47],"product_tag":[],"class_list":{"0":"post-4293","1":"product","2":"type-product","3":"status-publish","4":"has-post-thumbnail","6":"product_brand-glossy","7":"product_cat-godemichets","8":"product_cat-plaisir-anal","9":"product_cat-sextoys","12":"instock","13":"taxable","14":"shipping-taxable","15":"purchasable","16":"product-type-simple","17":"product-grid-view"},"_links":{"self":[{"href":"https:\/\/www.tahitiplaisirs.com\/en\/wp-json\/wp\/v2\/product\/4293","targetHints":{"allow":["GET"]}}],"collection":[{"href":"https:\/\/www.tahitiplaisirs.com\/en\/wp-json\/wp\/v2\/product"}],"about":[{"href":"https:\/\/www.tahitiplaisirs.com\/en\/wp-json\/wp\/v2\/types\/product"}],"version-history":[{"count":3,"href":"https:\/\/www.tahitiplaisirs.com\/en\/wp-json\/wp\/v2\/product\/4293\/revisions"}],"predecessor-version":[{"id":9939,"href":"https:\/\/www.tahitiplaisirs.com\/en\/wp-json\/wp\/v2\/product\/4293\/revisions\/9939"}],"wp:featuredmedia":[{"embeddable":true,"href":"https:\/\/www.tahitiplaisirs.com\/en\/wp-json\/wp\/v2\/media\/9934"}],"wp:attachment":[{"href":"https:\/\/www.tahitiplaisirs.com\/en\/wp-json\/wp\/v2\/media?parent=4293"}],"wp:term":[{"taxonomy":"product_brand","embeddable":true,"href":"https:\/\/www.tahitiplaisirs.com\/en\/wp-json\/wp\/v2\/product_brand?post=4293"},{"taxonomy":"product_cat","embeddable":true,"href":"https:\/\/www.tahitiplaisirs.com\/en\/wp-json\/wp\/v2\/product_cat?post=4293"},{"taxonomy":"product_tag","embeddable":true,"href":"https:\/\/www.tahitiplaisirs.com\/en\/wp-json\/wp\/v2\/product_tag?post=4293"}],"curies":[{"name":"wp","href":"https:\/\/api.w.org\/{rel}","templated":true}]}}