{"id":4294,"date":"2025-08-15T16:12:04","date_gmt":"2025-08-16T02:12:04","guid":{"rendered":"https:\/\/www.tahitiplaisirs.com\/?post_type=product&#038;p=4294"},"modified":"2026-03-21T14:18:21","modified_gmt":"2026-03-22T00:18:21","slug":"dildo-en-verre-lick-it","status":"publish","type":"product","link":"https:\/\/www.tahitiplaisirs.com\/en\/product\/dildo-en-verre-lick-it\/","title":{"rendered":"Dildo en verre Lick-it"},"content":{"rendered":"","protected":false},"excerpt":{"rendered":"<p>Dildo en verre Lick-it de Gl\u00e4s<\/p>\n<p>Gode en verre incurv\u00e9 et textur\u00e9 qui \u00e0 la forme d&rsquo;une tentacule.<\/p>\n<p>Mettez le au r\u00e9frig\u00e9rateur ou bien sous l&rsquo;eau chaude, vous obtiendrez des sensations compl\u00e8tement diff\u00e9rentes.<\/p>\n<p>Pour une utilisation id\u00e9ale de votre sextoy, Lollipop Tahiti vous recommande d&rsquo;utiliser un lubrifiant \u00e0 base d&rsquo;eau.<\/p>\n<div class=\"rte\">\n<div class=\"rte\">\n<p>Veillez aussi \u00e0 bien nettoyer votre dildo avant et apr\u00e8s chaque utilisation.<\/p>\n<p>Dimensions :<\/p>\n<p>Longueur totale : 12,2 cm<\/p>\n<p>Largeur : 3,8 cm au plus large<\/p>\n<p>Longueur max ins\u00e9rable : 11,4 cm<\/p>\n<\/div>\n<\/div>","protected":false},"featured_media":7125,"template":"","meta":[],"product_brand":[],"product_cat":[53,47],"product_tag":[],"class_list":{"0":"post-4294","1":"product","2":"type-product","3":"status-publish","4":"has-post-thumbnail","6":"product_cat-godemichets","7":"product_cat-sextoys","10":"instock","11":"taxable","12":"shipping-taxable","13":"purchasable","14":"product-type-simple","15":"product-grid-view"},"_links":{"self":[{"href":"https:\/\/www.tahitiplaisirs.com\/en\/wp-json\/wp\/v2\/product\/4294","targetHints":{"allow":["GET"]}}],"collection":[{"href":"https:\/\/www.tahitiplaisirs.com\/en\/wp-json\/wp\/v2\/product"}],"about":[{"href":"https:\/\/www.tahitiplaisirs.com\/en\/wp-json\/wp\/v2\/types\/product"}],"version-history":[{"count":2,"href":"https:\/\/www.tahitiplaisirs.com\/en\/wp-json\/wp\/v2\/product\/4294\/revisions"}],"predecessor-version":[{"id":9926,"href":"https:\/\/www.tahitiplaisirs.com\/en\/wp-json\/wp\/v2\/product\/4294\/revisions\/9926"}],"wp:featuredmedia":[{"embeddable":true,"href":"https:\/\/www.tahitiplaisirs.com\/en\/wp-json\/wp\/v2\/media\/7125"}],"wp:attachment":[{"href":"https:\/\/www.tahitiplaisirs.com\/en\/wp-json\/wp\/v2\/media?parent=4294"}],"wp:term":[{"taxonomy":"product_brand","embeddable":true,"href":"https:\/\/www.tahitiplaisirs.com\/en\/wp-json\/wp\/v2\/product_brand?post=4294"},{"taxonomy":"product_cat","embeddable":true,"href":"https:\/\/www.tahitiplaisirs.com\/en\/wp-json\/wp\/v2\/product_cat?post=4294"},{"taxonomy":"product_tag","embeddable":true,"href":"https:\/\/www.tahitiplaisirs.com\/en\/wp-json\/wp\/v2\/product_tag?post=4294"}],"curies":[{"name":"wp","href":"https:\/\/api.w.org\/{rel}","templated":true}]}}