{"id":4327,"date":"2025-08-15T16:12:07","date_gmt":"2025-08-16T02:12:07","guid":{"rendered":"https:\/\/www.tahitiplaisirs.com\/?post_type=product&#038;p=4327"},"modified":"2026-03-21T14:18:17","modified_gmt":"2026-03-22T00:18:17","slug":"combi-porte-jarretelles-dg-s-l","status":"publish","type":"product","link":"https:\/\/www.tahitiplaisirs.com\/en\/product\/combi-porte-jarretelles-dg-s-l\/","title":{"rendered":"Combi porte jarretelles DG S-L"},"content":{"rendered":"","protected":false},"excerpt":{"rendered":"<p dir=\"ltr\" tabindex=\"-1\" role=\"text\" data-placeholder=\"Traduction\" data-ved=\"2ahUKEwid5vbh2IiQAxW0h-4BHcMPOtUQ3ewLegQIChAW\" aria-label=\"Texte traduit\u00a0: ensemble porte-jarretelles en maille extensible et similicuir\">Combi porte jarretelles S-L de Dreamgirl<\/p>\n<p id=\"tw-target-text\" class=\"tw-data-text tw-text-large tw-ta\" dir=\"ltr\" tabindex=\"-1\" role=\"text\" data-placeholder=\"Traduction\" data-ved=\"2ahUKEwid5vbh2IiQAxW0h-4BHcMPOtUQ3ewLegQIChAW\" aria-label=\"Texte traduit\u00a0: ensemble porte-jarretelles en maille extensible et similicuir\"><span class=\"Y2IQFc\" lang=\"fr\">Ensemble porte-jarretelles en maille extensible et similicuir, <\/span><span class=\"Y2IQFc\" lang=\"fr\">d\u00e9collet\u00e9 plongeant profond avec liens, connecteur en fer \u00e0 cheval et fouet amovible.<\/span><\/p>\n<p class=\"tw-data-text tw-text-large tw-ta\" dir=\"ltr\" tabindex=\"-1\" role=\"text\" data-placeholder=\"Traduction\" data-ved=\"2ahUKEwid5vbh2IiQAxW0h-4BHcMPOtUQ3ewLegQIChAW\" aria-label=\"Texte traduit\u00a0: ceinture en similicuir attach\u00e9e avec connecteur en fer \u00e0 cheval et attaches au dos\"><span class=\"Y2IQFc\" lang=\"fr\">Ceinture en similicuir attach\u00e9e avec connecteur en fer \u00e0 cheval et liens dans le dos<\/span><\/p>\n<p id=\"tw-target-text\" class=\"tw-data-text tw-text-large tw-ta\" dir=\"ltr\" tabindex=\"-1\" role=\"text\" data-placeholder=\"Traduction\" data-ved=\"2ahUKEwid5vbh2IiQAxW0h-4BHcMPOtUQ3ewLegQIChAW\" aria-label=\"Texte traduit\u00a0: jupe avec dos ouvert et jarretelles lat\u00e9rales\"><span class=\"Y2IQFc\" lang=\"fr\">La jupe est ouverte sur les fesses et jarretelles lat\u00e9rales<\/span><\/p>\n<p dir=\"ltr\" tabindex=\"-1\" role=\"text\" data-placeholder=\"Traduction\" data-ved=\"2ahUKEwid5vbh2IiQAxW0h-4BHcMPOtUQ3ewLegQIChAW\" aria-label=\"Texte traduit\u00a0: jupe avec dos ouvert et jarretelles lat\u00e9rales\">ATTENTION : le string et les bas ne sont pas inclus.<\/p>\n<p dir=\"ltr\" tabindex=\"-1\" role=\"text\" data-placeholder=\"Traduction\" data-ved=\"2ahUKEwid5vbh2IiQAxW0h-4BHcMPOtUQ3ewLegQIChAW\" aria-label=\"Texte traduit\u00a0: jupe avec dos ouvert et jarretelles lat\u00e9rales\">Mat\u00e9riau : 95 % nylon, 5 % \u00e9lasthanne<\/p>\n<pre id=\"tw-target-text\" class=\"tw-data-text tw-text-large tw-ta\" dir=\"ltr\" tabindex=\"-1\" role=\"text\" data-placeholder=\"Traduction\" data-ved=\"2ahUKEwid5vbh2IiQAxW0h-4BHcMPOtUQ3ewLegQIChAW\" aria-label=\"Texte traduit\u00a0: ceinture en similicuir attach\u00e9e avec connecteur en fer \u00e0 cheval et attaches au dos\"><\/pre>\n<pre id=\"tw-target-text\" class=\"tw-data-text tw-text-large tw-ta\" dir=\"ltr\" tabindex=\"-1\" role=\"text\" data-placeholder=\"Traduction\" data-ved=\"2ahUKEwid5vbh2IiQAxW0h-4BHcMPOtUQ3ewLegQIChAW\" aria-label=\"Texte traduit\u00a0: d\u00e9collet\u00e9 plongeant profond avec liens, connecteur en fer \u00e0 cheval et accessoire de fouet amovible\"><\/pre>","protected":false},"featured_media":9303,"template":"","meta":[],"product_brand":[113],"product_cat":[73,74,63],"product_tag":[],"class_list":{"0":"post-4327","1":"product","2":"type-product","3":"status-publish","4":"has-post-thumbnail","6":"product_brand-dreamgirl","7":"product_cat-lingerie-sexy","8":"product_cat-nuisettes-bodys-et-set","9":"product_cat-pour-elle","12":"instock","13":"taxable","14":"shipping-taxable","15":"purchasable","16":"product-type-simple","17":"product-grid-view"},"_links":{"self":[{"href":"https:\/\/www.tahitiplaisirs.com\/en\/wp-json\/wp\/v2\/product\/4327","targetHints":{"allow":["GET"]}}],"collection":[{"href":"https:\/\/www.tahitiplaisirs.com\/en\/wp-json\/wp\/v2\/product"}],"about":[{"href":"https:\/\/www.tahitiplaisirs.com\/en\/wp-json\/wp\/v2\/types\/product"}],"version-history":[{"count":3,"href":"https:\/\/www.tahitiplaisirs.com\/en\/wp-json\/wp\/v2\/product\/4327\/revisions"}],"predecessor-version":[{"id":9302,"href":"https:\/\/www.tahitiplaisirs.com\/en\/wp-json\/wp\/v2\/product\/4327\/revisions\/9302"}],"wp:featuredmedia":[{"embeddable":true,"href":"https:\/\/www.tahitiplaisirs.com\/en\/wp-json\/wp\/v2\/media\/9303"}],"wp:attachment":[{"href":"https:\/\/www.tahitiplaisirs.com\/en\/wp-json\/wp\/v2\/media?parent=4327"}],"wp:term":[{"taxonomy":"product_brand","embeddable":true,"href":"https:\/\/www.tahitiplaisirs.com\/en\/wp-json\/wp\/v2\/product_brand?post=4327"},{"taxonomy":"product_cat","embeddable":true,"href":"https:\/\/www.tahitiplaisirs.com\/en\/wp-json\/wp\/v2\/product_cat?post=4327"},{"taxonomy":"product_tag","embeddable":true,"href":"https:\/\/www.tahitiplaisirs.com\/en\/wp-json\/wp\/v2\/product_tag?post=4327"}],"curies":[{"name":"wp","href":"https:\/\/api.w.org\/{rel}","templated":true}]}}