{"id":4329,"date":"2025-08-15T16:12:07","date_gmt":"2025-08-16T02:12:07","guid":{"rendered":"https:\/\/www.tahitiplaisirs.com\/?post_type=product&#038;p=4329"},"modified":"2026-03-21T14:18:16","modified_gmt":"2026-03-22T00:18:16","slug":"nuisette-hydrangea-dg-s-l","status":"publish","type":"product","link":"https:\/\/www.tahitiplaisirs.com\/en\/product\/nuisette-hydrangea-dg-s-l\/","title":{"rendered":"Nuisette Hydrangea DG S-L"},"content":{"rendered":"","protected":false},"excerpt":{"rendered":"<p>Nuisette Hortensia S-L de Dreamgirl<\/p>\n<p><span dir=\"auto\">Nuisette asym\u00e9trique sans coutures, avec motif dentelle et d\u00e9tails en maille crois\u00e9e.<\/span><\/p>\n<p><span dir=\"auto\">Une \u00e9paule, encolure \u00e0 bretelles, d\u00e9tails triangle dor\u00e9 et manches longues int\u00e9gr\u00e9es.<\/span><\/p>\n<p><span dir=\"auto\">ATTENTION : String non inclus<\/span><\/p>\n<p><span dir=\"auto\">Mati\u00e8re : 90 % nylon, 10 % \u00e9lasthanne<\/span><\/p>","protected":false},"featured_media":9294,"template":"","meta":[],"product_brand":[113],"product_cat":[73,74,63],"product_tag":[],"class_list":{"0":"post-4329","1":"product","2":"type-product","3":"status-publish","4":"has-post-thumbnail","6":"product_brand-dreamgirl","7":"product_cat-lingerie-sexy","8":"product_cat-nuisettes-bodys-et-set","9":"product_cat-pour-elle","12":"instock","13":"taxable","14":"shipping-taxable","15":"purchasable","16":"product-type-simple","17":"product-grid-view"},"_links":{"self":[{"href":"https:\/\/www.tahitiplaisirs.com\/en\/wp-json\/wp\/v2\/product\/4329","targetHints":{"allow":["GET"]}}],"collection":[{"href":"https:\/\/www.tahitiplaisirs.com\/en\/wp-json\/wp\/v2\/product"}],"about":[{"href":"https:\/\/www.tahitiplaisirs.com\/en\/wp-json\/wp\/v2\/types\/product"}],"version-history":[{"count":4,"href":"https:\/\/www.tahitiplaisirs.com\/en\/wp-json\/wp\/v2\/product\/4329\/revisions"}],"predecessor-version":[{"id":10975,"href":"https:\/\/www.tahitiplaisirs.com\/en\/wp-json\/wp\/v2\/product\/4329\/revisions\/10975"}],"wp:featuredmedia":[{"embeddable":true,"href":"https:\/\/www.tahitiplaisirs.com\/en\/wp-json\/wp\/v2\/media\/9294"}],"wp:attachment":[{"href":"https:\/\/www.tahitiplaisirs.com\/en\/wp-json\/wp\/v2\/media?parent=4329"}],"wp:term":[{"taxonomy":"product_brand","embeddable":true,"href":"https:\/\/www.tahitiplaisirs.com\/en\/wp-json\/wp\/v2\/product_brand?post=4329"},{"taxonomy":"product_cat","embeddable":true,"href":"https:\/\/www.tahitiplaisirs.com\/en\/wp-json\/wp\/v2\/product_cat?post=4329"},{"taxonomy":"product_tag","embeddable":true,"href":"https:\/\/www.tahitiplaisirs.com\/en\/wp-json\/wp\/v2\/product_tag?post=4329"}],"curies":[{"name":"wp","href":"https:\/\/api.w.org\/{rel}","templated":true}]}}