{"id":4334,"date":"2025-08-15T16:12:08","date_gmt":"2025-08-16T02:12:08","guid":{"rendered":"https:\/\/www.tahitiplaisirs.com\/?post_type=product&#038;p=4334"},"modified":"2026-01-27T08:55:08","modified_gmt":"2026-01-27T18:55:08","slug":"porte-cle-silhouette-femme","status":"publish","type":"product","link":"https:\/\/www.tahitiplaisirs.com\/en\/product\/porte-cle-silhouette-femme\/","title":{"rendered":"Porte cl\u00e9 silhouette femme"},"content":{"rendered":"","protected":false},"excerpt":{"rendered":"<p>Ce porte-cl\u00e9 en m\u00e9tal dor\u00e9 repr\u00e9sente la silhouette d&rsquo;une femme aux formes g\u00e9n\u00e9reuses.<\/p>\n<p>Dot\u00e9 d&rsquo;un d\u00e9capsuleur int\u00e9gr\u00e9, il est pratique et amusant \u00e0 emporter partout.<\/p>\n<p>Parfait comme cadeau pour un enterrement de vie de gar\u00e7on, une f\u00eate d&rsquo;adulte ou tout simplement pour se d\u00e9marquer avec un cadeau original et utile.<\/p>","protected":false},"featured_media":9684,"template":"","meta":[],"product_brand":[],"product_cat":[57],"product_tag":[],"class_list":{"0":"post-4334","1":"product","2":"type-product","3":"status-publish","4":"has-post-thumbnail","6":"product_cat-accessoires","9":"instock","10":"taxable","11":"shipping-taxable","12":"purchasable","13":"product-type-simple","14":"product-grid-view"},"_links":{"self":[{"href":"https:\/\/www.tahitiplaisirs.com\/en\/wp-json\/wp\/v2\/product\/4334","targetHints":{"allow":["GET"]}}],"collection":[{"href":"https:\/\/www.tahitiplaisirs.com\/en\/wp-json\/wp\/v2\/product"}],"about":[{"href":"https:\/\/www.tahitiplaisirs.com\/en\/wp-json\/wp\/v2\/types\/product"}],"version-history":[{"count":3,"href":"https:\/\/www.tahitiplaisirs.com\/en\/wp-json\/wp\/v2\/product\/4334\/revisions"}],"predecessor-version":[{"id":9686,"href":"https:\/\/www.tahitiplaisirs.com\/en\/wp-json\/wp\/v2\/product\/4334\/revisions\/9686"}],"wp:featuredmedia":[{"embeddable":true,"href":"https:\/\/www.tahitiplaisirs.com\/en\/wp-json\/wp\/v2\/media\/9684"}],"wp:attachment":[{"href":"https:\/\/www.tahitiplaisirs.com\/en\/wp-json\/wp\/v2\/media?parent=4334"}],"wp:term":[{"taxonomy":"product_brand","embeddable":true,"href":"https:\/\/www.tahitiplaisirs.com\/en\/wp-json\/wp\/v2\/product_brand?post=4334"},{"taxonomy":"product_cat","embeddable":true,"href":"https:\/\/www.tahitiplaisirs.com\/en\/wp-json\/wp\/v2\/product_cat?post=4334"},{"taxonomy":"product_tag","embeddable":true,"href":"https:\/\/www.tahitiplaisirs.com\/en\/wp-json\/wp\/v2\/product_tag?post=4334"}],"curies":[{"name":"wp","href":"https:\/\/api.w.org\/{rel}","templated":true}]}}