{"id":4336,"date":"2025-08-15T16:12:08","date_gmt":"2025-08-16T02:12:08","guid":{"rendered":"https:\/\/www.tahitiplaisirs.com\/?post_type=product&#038;p=4336"},"modified":"2026-03-27T11:01:10","modified_gmt":"2026-03-27T21:01:10","slug":"pompe-hydromax-7-transparent-x30","status":"publish","type":"product","link":"https:\/\/www.tahitiplaisirs.com\/en\/product\/pompe-hydromax-7-transparent-x30\/","title":{"rendered":"Pompe HydroMax 7 transparent x30"},"content":{"rendered":"","protected":false},"excerpt":{"rendered":"<p>D\u00e9veloppeur de p\u00e9nis Hydromax 7 transparent de Bathmate<\/p>\n<p>Le Bathmate Hydromax 7 est la pompe th\u00e9rapeutique ultime pour les hommes !<\/p>\n<p>Gr\u00e2ce \u00e0 la puissance incroyable de l&rsquo;eau, ce d\u00e9veloppeur permet \u00e0 son utilisateur d&rsquo;avoir une \u00e9rection de mani\u00e8re totalement s\u00fbre et sous contr\u00f4le.<\/p>\n<p>Il reste le dispositif extr\u00eame de rigidit\u00e9 p\u00e9nienne le plus \u00e9labor\u00e9 qui soit.<\/p>\n<p>Les mat\u00e9riaux de pointe test\u00e9s de cette pompe sont certifi\u00e9s sans danger pour la peau, sans latex ni phtalates.<\/p>\n<p class=\"mar_b6 font-weight-bold\">Comment utiliser Hydromax 7 ?<\/p>\n<p>1. Remplissez la pompe d&rsquo;eau ti\u00e8de. Appuyez sur la soupape de pression. Gardez le doigt sur la valve pendant le remplissage.<br \/>\n2. Placez le p\u00e9nis \u00e0 l&rsquo;int\u00e9rieur de la pompe. Former un joint \u00e9tanche avec la pompe et le corps.<br \/>\n3. Pomper et pousser la pompe vers l&rsquo;os pubien. De l&rsquo;eau est \u00e9ject\u00e9e de la vanne. La pression cr\u00e9e une fausse \u00e9rection. Le p\u00e9nis est aspir\u00e9 dans le tube. Le processus devrait \u00eatre de 15 minutes avec 2-3 intervalles de 5 minutes chacun.<br \/>\n4. Comprimer la vanne principale pour rel\u00e2cher la pression. Retirez la pompe en toute s\u00e9curit\u00e9.<\/p>\n<p>La pompe Hydromax 7 s\u2019utilise aussi bien sous la douche que dans un bain. L&rsquo;Hydro pompe Hydromax 7 pour p\u00e9nis fait environ 29 cm de longueur.<br \/>\nLa pompe Hydromax 7 est 35 % plus puissante que le Bathmate classique.<br \/>\nSa taille est id\u00e9ale pour les p\u00e9nis d&rsquo;une longueur maximum de 18 cm en \u00e9rection<br \/>\nSe positionne en quelques secondes avec une seule main.<\/p>\n<p>&nbsp;<\/p>","protected":false},"featured_media":7974,"template":"","meta":[],"product_brand":[],"product_cat":[52,51,47],"product_tag":[],"class_list":{"0":"post-4336","1":"product","2":"type-product","3":"status-publish","4":"has-post-thumbnail","6":"product_cat-developpement-du-penis","7":"product_cat-pour-lui","8":"product_cat-sextoys","11":"instock","12":"taxable","13":"shipping-taxable","14":"purchasable","15":"product-type-simple","16":"product-grid-view"},"_links":{"self":[{"href":"https:\/\/www.tahitiplaisirs.com\/en\/wp-json\/wp\/v2\/product\/4336","targetHints":{"allow":["GET"]}}],"collection":[{"href":"https:\/\/www.tahitiplaisirs.com\/en\/wp-json\/wp\/v2\/product"}],"about":[{"href":"https:\/\/www.tahitiplaisirs.com\/en\/wp-json\/wp\/v2\/types\/product"}],"version-history":[{"count":2,"href":"https:\/\/www.tahitiplaisirs.com\/en\/wp-json\/wp\/v2\/product\/4336\/revisions"}],"predecessor-version":[{"id":9039,"href":"https:\/\/www.tahitiplaisirs.com\/en\/wp-json\/wp\/v2\/product\/4336\/revisions\/9039"}],"wp:featuredmedia":[{"embeddable":true,"href":"https:\/\/www.tahitiplaisirs.com\/en\/wp-json\/wp\/v2\/media\/7974"}],"wp:attachment":[{"href":"https:\/\/www.tahitiplaisirs.com\/en\/wp-json\/wp\/v2\/media?parent=4336"}],"wp:term":[{"taxonomy":"product_brand","embeddable":true,"href":"https:\/\/www.tahitiplaisirs.com\/en\/wp-json\/wp\/v2\/product_brand?post=4336"},{"taxonomy":"product_cat","embeddable":true,"href":"https:\/\/www.tahitiplaisirs.com\/en\/wp-json\/wp\/v2\/product_cat?post=4336"},{"taxonomy":"product_tag","embeddable":true,"href":"https:\/\/www.tahitiplaisirs.com\/en\/wp-json\/wp\/v2\/product_tag?post=4336"}],"curies":[{"name":"wp","href":"https:\/\/api.w.org\/{rel}","templated":true}]}}