{"id":4337,"date":"2025-08-15T16:12:08","date_gmt":"2025-08-16T02:12:08","guid":{"rendered":"https:\/\/www.tahitiplaisirs.com\/?post_type=product&#038;p=4337"},"modified":"2026-03-27T11:01:09","modified_gmt":"2026-03-27T21:01:09","slug":"pompe-hydromax-5-transparent-x20","status":"publish","type":"product","link":"https:\/\/www.tahitiplaisirs.com\/en\/product\/pompe-hydromax-5-transparent-x20\/","title":{"rendered":"Pompe HydroMax 5 transparent X20"},"content":{"rendered":"","protected":false},"excerpt":{"rendered":"<p>D\u00e9veloppeur de p\u00e9nis HydroMax 5 transparent de Bathmate<\/p>\n<p>Pompe pour p\u00e9nis fonctionnant avec le pouvoir de l&rsquo;eau.<\/p>\n<p>\u00c0 utiliser sous la douche ou dans le bain, elle permet d&rsquo;agrandir votre p\u00e9nis en longueur et en largeur.<\/p>\n<p>L&rsquo;HydroMax 5 fait environ 26cm de longueur.<\/p>\n<p>Sa taille est id\u00e9ale pour les p\u00e9nis d&rsquo;une longueur maximum de 16 cm en \u00e9rection<\/p>\n<p>Se positionne en quelques secondes avec une seule main.<\/p>\n<p>Enveloppe le p\u00e9nis entier, produisant un grossissement tout le long du p\u00e9nis.<\/p>\n<p>Composition : PC (polycarbonate), TPE, ne contient pas de phtalate<\/p>","protected":false},"featured_media":7976,"template":"","meta":[],"product_brand":[],"product_cat":[52,51,47],"product_tag":[],"class_list":{"0":"post-4337","1":"product","2":"type-product","3":"status-publish","4":"has-post-thumbnail","6":"product_cat-developpement-du-penis","7":"product_cat-pour-lui","8":"product_cat-sextoys","11":"instock","12":"taxable","13":"shipping-taxable","14":"purchasable","15":"product-type-simple","16":"product-grid-view"},"_links":{"self":[{"href":"https:\/\/www.tahitiplaisirs.com\/en\/wp-json\/wp\/v2\/product\/4337","targetHints":{"allow":["GET"]}}],"collection":[{"href":"https:\/\/www.tahitiplaisirs.com\/en\/wp-json\/wp\/v2\/product"}],"about":[{"href":"https:\/\/www.tahitiplaisirs.com\/en\/wp-json\/wp\/v2\/types\/product"}],"version-history":[{"count":2,"href":"https:\/\/www.tahitiplaisirs.com\/en\/wp-json\/wp\/v2\/product\/4337\/revisions"}],"predecessor-version":[{"id":9025,"href":"https:\/\/www.tahitiplaisirs.com\/en\/wp-json\/wp\/v2\/product\/4337\/revisions\/9025"}],"wp:featuredmedia":[{"embeddable":true,"href":"https:\/\/www.tahitiplaisirs.com\/en\/wp-json\/wp\/v2\/media\/7976"}],"wp:attachment":[{"href":"https:\/\/www.tahitiplaisirs.com\/en\/wp-json\/wp\/v2\/media?parent=4337"}],"wp:term":[{"taxonomy":"product_brand","embeddable":true,"href":"https:\/\/www.tahitiplaisirs.com\/en\/wp-json\/wp\/v2\/product_brand?post=4337"},{"taxonomy":"product_cat","embeddable":true,"href":"https:\/\/www.tahitiplaisirs.com\/en\/wp-json\/wp\/v2\/product_cat?post=4337"},{"taxonomy":"product_tag","embeddable":true,"href":"https:\/\/www.tahitiplaisirs.com\/en\/wp-json\/wp\/v2\/product_tag?post=4337"}],"curies":[{"name":"wp","href":"https:\/\/api.w.org\/{rel}","templated":true}]}}