{"id":4341,"date":"2025-08-15T16:12:08","date_gmt":"2025-08-16T02:12:08","guid":{"rendered":"https:\/\/www.tahitiplaisirs.com\/?post_type=product&#038;p=4341"},"modified":"2026-03-21T14:18:19","modified_gmt":"2026-03-22T00:18:19","slug":"anneau-penien-bleu-reglable","status":"publish","type":"product","link":"https:\/\/www.tahitiplaisirs.com\/en\/product\/anneau-penien-bleu-reglable\/","title":{"rendered":"Anneau p\u00e9nien bleu r\u00e9glable"},"content":{"rendered":"","protected":false},"excerpt":{"rendered":"<p>Anneau p\u00e9nien bleu r\u00e9glable de Kiotos<\/p>\n<p>Plat, cet anneau mesure 20 cm de longueur et sa largeur est de 2,3 cm<\/p>\n<p>L&rsquo;anneau est dot\u00e9 de 3 boutons pressions pour un ajustement du serrage dont le diam\u00e8tre peut \u00eatre de 3,5 cm, 4,5 cm ou 5,5 cm<\/p>\n<p>&nbsp;<\/p>","protected":false},"featured_media":7110,"template":"","meta":[],"product_brand":[],"product_cat":[68,51,47],"product_tag":[],"class_list":{"0":"post-4341","1":"product","2":"type-product","3":"status-publish","4":"has-post-thumbnail","6":"product_cat-anneaux","7":"product_cat-pour-lui","8":"product_cat-sextoys","11":"instock","12":"taxable","13":"shipping-taxable","14":"purchasable","15":"product-type-simple","16":"product-grid-view"},"_links":{"self":[{"href":"https:\/\/www.tahitiplaisirs.com\/en\/wp-json\/wp\/v2\/product\/4341","targetHints":{"allow":["GET"]}}],"collection":[{"href":"https:\/\/www.tahitiplaisirs.com\/en\/wp-json\/wp\/v2\/product"}],"about":[{"href":"https:\/\/www.tahitiplaisirs.com\/en\/wp-json\/wp\/v2\/types\/product"}],"version-history":[{"count":2,"href":"https:\/\/www.tahitiplaisirs.com\/en\/wp-json\/wp\/v2\/product\/4341\/revisions"}],"predecessor-version":[{"id":9462,"href":"https:\/\/www.tahitiplaisirs.com\/en\/wp-json\/wp\/v2\/product\/4341\/revisions\/9462"}],"wp:featuredmedia":[{"embeddable":true,"href":"https:\/\/www.tahitiplaisirs.com\/en\/wp-json\/wp\/v2\/media\/7110"}],"wp:attachment":[{"href":"https:\/\/www.tahitiplaisirs.com\/en\/wp-json\/wp\/v2\/media?parent=4341"}],"wp:term":[{"taxonomy":"product_brand","embeddable":true,"href":"https:\/\/www.tahitiplaisirs.com\/en\/wp-json\/wp\/v2\/product_brand?post=4341"},{"taxonomy":"product_cat","embeddable":true,"href":"https:\/\/www.tahitiplaisirs.com\/en\/wp-json\/wp\/v2\/product_cat?post=4341"},{"taxonomy":"product_tag","embeddable":true,"href":"https:\/\/www.tahitiplaisirs.com\/en\/wp-json\/wp\/v2\/product_tag?post=4341"}],"curies":[{"name":"wp","href":"https:\/\/api.w.org\/{rel}","templated":true}]}}