{"id":4354,"date":"2025-08-15T16:12:09","date_gmt":"2025-08-16T02:12:09","guid":{"rendered":"https:\/\/www.tahitiplaisirs.com\/?post_type=product&#038;p=4354"},"modified":"2026-03-21T14:18:06","modified_gmt":"2026-03-22T00:18:06","slug":"body-zoja-noir-2xl-3xl","status":"publish","type":"product","link":"https:\/\/www.tahitiplaisirs.com\/en\/product\/body-zoja-noir-2xl-3xl\/","title":{"rendered":"Body Zoja noir 2XL\/3XL"},"content":{"rendered":"","protected":false},"excerpt":{"rendered":"<p>Body Zoja de Passion<\/p>\n<p>Taille disponible : 2X-Large\/3X-Large<\/p>\n<p>Le body Zoja met l&rsquo;accent sur un d\u00e9collet\u00e9 g\u00e9n\u00e9reusement d\u00e9gag\u00e9 et attrayant.<\/p>\n<p>La poitrine est recouverte d&rsquo;une dentelle florale douce et finement transparente.<\/p>\n<p>Un la\u00e7age r\u00e9glable se dessine sur la longueur pour s\u2019arr\u00eater au niveau du ventre.<\/p>\n<p>Sur l&rsquo;arri\u00e8re, le dos est largement d\u00e9couvert, la coupe panty met les fesses en valeur.<\/p>\n<p>Les bretelles crois\u00e9es sont r\u00e9glables.<\/p>","protected":false},"featured_media":7943,"template":"","meta":[],"product_brand":[130],"product_cat":[73,74],"product_tag":[],"class_list":{"0":"post-4354","1":"product","2":"type-product","3":"status-publish","4":"has-post-thumbnail","6":"product_brand-passion","7":"product_cat-lingerie-sexy","8":"product_cat-nuisettes-bodys-et-set","11":"instock","12":"taxable","13":"shipping-taxable","14":"purchasable","15":"product-type-simple","16":"product-grid-view"},"_links":{"self":[{"href":"https:\/\/www.tahitiplaisirs.com\/en\/wp-json\/wp\/v2\/product\/4354","targetHints":{"allow":["GET"]}}],"collection":[{"href":"https:\/\/www.tahitiplaisirs.com\/en\/wp-json\/wp\/v2\/product"}],"about":[{"href":"https:\/\/www.tahitiplaisirs.com\/en\/wp-json\/wp\/v2\/types\/product"}],"version-history":[{"count":2,"href":"https:\/\/www.tahitiplaisirs.com\/en\/wp-json\/wp\/v2\/product\/4354\/revisions"}],"predecessor-version":[{"id":11003,"href":"https:\/\/www.tahitiplaisirs.com\/en\/wp-json\/wp\/v2\/product\/4354\/revisions\/11003"}],"wp:featuredmedia":[{"embeddable":true,"href":"https:\/\/www.tahitiplaisirs.com\/en\/wp-json\/wp\/v2\/media\/7943"}],"wp:attachment":[{"href":"https:\/\/www.tahitiplaisirs.com\/en\/wp-json\/wp\/v2\/media?parent=4354"}],"wp:term":[{"taxonomy":"product_brand","embeddable":true,"href":"https:\/\/www.tahitiplaisirs.com\/en\/wp-json\/wp\/v2\/product_brand?post=4354"},{"taxonomy":"product_cat","embeddable":true,"href":"https:\/\/www.tahitiplaisirs.com\/en\/wp-json\/wp\/v2\/product_cat?post=4354"},{"taxonomy":"product_tag","embeddable":true,"href":"https:\/\/www.tahitiplaisirs.com\/en\/wp-json\/wp\/v2\/product_tag?post=4354"}],"curies":[{"name":"wp","href":"https:\/\/api.w.org\/{rel}","templated":true}]}}