{"id":4385,"date":"2025-08-15T16:12:12","date_gmt":"2025-08-16T02:12:12","guid":{"rendered":"https:\/\/www.tahitiplaisirs.com\/?post_type=product&#038;p=4385"},"modified":"2026-03-21T14:18:05","modified_gmt":"2026-03-22T00:18:05","slug":"ensemble-celia-noir-2xl-3xl","status":"publish","type":"product","link":"https:\/\/www.tahitiplaisirs.com\/en\/product\/ensemble-celia-noir-2xl-3xl\/","title":{"rendered":"Ensemble Celia noir 2XL\/3XL"},"content":{"rendered":"","protected":false},"excerpt":{"rendered":"<p>Ensemble Celia de Avanua<\/p>\n<p>Joli ensemble 3 pi\u00e8ces l\u00e9g\u00e8rement transparent.<\/p>\n<p>Le porte jarretelles est en tissus noir opaque et micro r\u00e9sille translucide.<\/p>\n<p>L&rsquo;ensemble est d\u00e9cor\u00e9 de n\u0153uds en satin et dispose de 2 jarretelles r\u00e9glables. Il se ferme \u00e0 l&rsquo;arri\u00e8re avec 2 agrafes.<\/p>\n<p>Le soutien gorge en tissus noir opaque et micro r\u00e9sille est en parti translucide. Il se ferme lui aussi \u00e0 l&rsquo;arri\u00e8re avec 2 agrafes.<\/p>\n<p>Livr\u00e9 avec son string noir assorti.<\/p>\n<p>Les bas ne sont pas fourni<\/p>","protected":false},"featured_media":9161,"template":"","meta":[],"product_brand":[],"product_cat":[73,74],"product_tag":[],"class_list":{"0":"post-4385","1":"product","2":"type-product","3":"status-publish","4":"has-post-thumbnail","6":"product_cat-lingerie-sexy","7":"product_cat-nuisettes-bodys-et-set","10":"instock","11":"taxable","12":"shipping-taxable","13":"purchasable","14":"product-type-simple","15":"product-grid-view"},"_links":{"self":[{"href":"https:\/\/www.tahitiplaisirs.com\/en\/wp-json\/wp\/v2\/product\/4385","targetHints":{"allow":["GET"]}}],"collection":[{"href":"https:\/\/www.tahitiplaisirs.com\/en\/wp-json\/wp\/v2\/product"}],"about":[{"href":"https:\/\/www.tahitiplaisirs.com\/en\/wp-json\/wp\/v2\/types\/product"}],"version-history":[{"count":2,"href":"https:\/\/www.tahitiplaisirs.com\/en\/wp-json\/wp\/v2\/product\/4385\/revisions"}],"predecessor-version":[{"id":9163,"href":"https:\/\/www.tahitiplaisirs.com\/en\/wp-json\/wp\/v2\/product\/4385\/revisions\/9163"}],"wp:featuredmedia":[{"embeddable":true,"href":"https:\/\/www.tahitiplaisirs.com\/en\/wp-json\/wp\/v2\/media\/9161"}],"wp:attachment":[{"href":"https:\/\/www.tahitiplaisirs.com\/en\/wp-json\/wp\/v2\/media?parent=4385"}],"wp:term":[{"taxonomy":"product_brand","embeddable":true,"href":"https:\/\/www.tahitiplaisirs.com\/en\/wp-json\/wp\/v2\/product_brand?post=4385"},{"taxonomy":"product_cat","embeddable":true,"href":"https:\/\/www.tahitiplaisirs.com\/en\/wp-json\/wp\/v2\/product_cat?post=4385"},{"taxonomy":"product_tag","embeddable":true,"href":"https:\/\/www.tahitiplaisirs.com\/en\/wp-json\/wp\/v2\/product_tag?post=4385"}],"curies":[{"name":"wp","href":"https:\/\/api.w.org\/{rel}","templated":true}]}}