{"id":4386,"date":"2025-08-15T16:12:12","date_gmt":"2025-08-16T02:12:12","guid":{"rendered":"https:\/\/www.tahitiplaisirs.com\/?post_type=product&#038;p=4386"},"modified":"2026-03-21T14:18:03","modified_gmt":"2026-03-22T00:18:03","slug":"nuisette-margo-lilas-2xl-3xl","status":"publish","type":"product","link":"https:\/\/www.tahitiplaisirs.com\/en\/product\/nuisette-margo-lilas-2xl-3xl\/","title":{"rendered":"Nuisette Margo lilas 2XL\/3XL"},"content":{"rendered":"","protected":false},"excerpt":{"rendered":"<p>Nuisette Margo lilas 2XL\/3XL de Avanua<\/p>\n<p><span class=\"a-list-item\">Nuisette \u00e9l\u00e9gante couleur lilas avec bordure en dentelle noire transparente sur la poitrine, le bas et sur les fesses.<br \/>\n<\/span><\/p>\n<p><span class=\"a-list-item\">Les bretelles r\u00e9glables et la taille peut \u00eatre ajuster gr\u00e2ce au la\u00e7age dans le dos.<br \/>\n<\/span><\/p>\n<p>String assorti inclus<\/p>","protected":false},"featured_media":9175,"template":"","meta":[],"product_brand":[],"product_cat":[73,74,63],"product_tag":[],"class_list":{"0":"post-4386","1":"product","2":"type-product","3":"status-publish","4":"has-post-thumbnail","6":"product_cat-lingerie-sexy","7":"product_cat-nuisettes-bodys-et-set","8":"product_cat-pour-elle","11":"instock","12":"taxable","13":"shipping-taxable","14":"purchasable","15":"product-type-simple","16":"product-grid-view"},"_links":{"self":[{"href":"https:\/\/www.tahitiplaisirs.com\/en\/wp-json\/wp\/v2\/product\/4386","targetHints":{"allow":["GET"]}}],"collection":[{"href":"https:\/\/www.tahitiplaisirs.com\/en\/wp-json\/wp\/v2\/product"}],"about":[{"href":"https:\/\/www.tahitiplaisirs.com\/en\/wp-json\/wp\/v2\/types\/product"}],"version-history":[{"count":3,"href":"https:\/\/www.tahitiplaisirs.com\/en\/wp-json\/wp\/v2\/product\/4386\/revisions"}],"predecessor-version":[{"id":9177,"href":"https:\/\/www.tahitiplaisirs.com\/en\/wp-json\/wp\/v2\/product\/4386\/revisions\/9177"}],"wp:featuredmedia":[{"embeddable":true,"href":"https:\/\/www.tahitiplaisirs.com\/en\/wp-json\/wp\/v2\/media\/9175"}],"wp:attachment":[{"href":"https:\/\/www.tahitiplaisirs.com\/en\/wp-json\/wp\/v2\/media?parent=4386"}],"wp:term":[{"taxonomy":"product_brand","embeddable":true,"href":"https:\/\/www.tahitiplaisirs.com\/en\/wp-json\/wp\/v2\/product_brand?post=4386"},{"taxonomy":"product_cat","embeddable":true,"href":"https:\/\/www.tahitiplaisirs.com\/en\/wp-json\/wp\/v2\/product_cat?post=4386"},{"taxonomy":"product_tag","embeddable":true,"href":"https:\/\/www.tahitiplaisirs.com\/en\/wp-json\/wp\/v2\/product_tag?post=4386"}],"curies":[{"name":"wp","href":"https:\/\/api.w.org\/{rel}","templated":true}]}}