{"id":4389,"date":"2025-08-15T16:12:12","date_gmt":"2025-08-16T02:12:12","guid":{"rendered":"https:\/\/www.tahitiplaisirs.com\/?post_type=product&#038;p=4389"},"modified":"2026-03-21T14:17:20","modified_gmt":"2026-03-22T00:17:20","slug":"nuisette-arya-noir-2xl-3xl","status":"publish","type":"product","link":"https:\/\/www.tahitiplaisirs.com\/en\/product\/nuisette-arya-noir-2xl-3xl\/","title":{"rendered":"Nuisette Arya noir 2XL\/3XL"},"content":{"rendered":"","protected":false},"excerpt":{"rendered":"<p>Nuisette Arya noir 2XL\/3XL de Avanua<\/p>\n<p>Superbe nuisette de couleur noir en micro r\u00e9sille et satin.<\/p>\n<p>Le dos est fait de micro r\u00e9sille et le devant en satin. Fermeture avec un long ruban en satin.<\/p>\n<p>Livr\u00e9e avec sa culotte en micro r\u00e9sille bord\u00e9e de satin.<\/p>\n<p>Composition : 61% polyester &#8211; 34% polyamide &#8211; 4% \u00e9lasthanne &#8211; 1% coton.<\/p>","protected":false},"featured_media":9167,"template":"","meta":[],"product_brand":[],"product_cat":[73,74,63],"product_tag":[],"class_list":{"0":"post-4389","1":"product","2":"type-product","3":"status-publish","4":"has-post-thumbnail","6":"product_cat-lingerie-sexy","7":"product_cat-nuisettes-bodys-et-set","8":"product_cat-pour-elle","11":"instock","12":"taxable","13":"shipping-taxable","14":"purchasable","15":"product-type-simple","16":"product-grid-view"},"_links":{"self":[{"href":"https:\/\/www.tahitiplaisirs.com\/en\/wp-json\/wp\/v2\/product\/4389","targetHints":{"allow":["GET"]}}],"collection":[{"href":"https:\/\/www.tahitiplaisirs.com\/en\/wp-json\/wp\/v2\/product"}],"about":[{"href":"https:\/\/www.tahitiplaisirs.com\/en\/wp-json\/wp\/v2\/types\/product"}],"version-history":[{"count":2,"href":"https:\/\/www.tahitiplaisirs.com\/en\/wp-json\/wp\/v2\/product\/4389\/revisions"}],"predecessor-version":[{"id":9169,"href":"https:\/\/www.tahitiplaisirs.com\/en\/wp-json\/wp\/v2\/product\/4389\/revisions\/9169"}],"wp:featuredmedia":[{"embeddable":true,"href":"https:\/\/www.tahitiplaisirs.com\/en\/wp-json\/wp\/v2\/media\/9167"}],"wp:attachment":[{"href":"https:\/\/www.tahitiplaisirs.com\/en\/wp-json\/wp\/v2\/media?parent=4389"}],"wp:term":[{"taxonomy":"product_brand","embeddable":true,"href":"https:\/\/www.tahitiplaisirs.com\/en\/wp-json\/wp\/v2\/product_brand?post=4389"},{"taxonomy":"product_cat","embeddable":true,"href":"https:\/\/www.tahitiplaisirs.com\/en\/wp-json\/wp\/v2\/product_cat?post=4389"},{"taxonomy":"product_tag","embeddable":true,"href":"https:\/\/www.tahitiplaisirs.com\/en\/wp-json\/wp\/v2\/product_tag?post=4389"}],"curies":[{"name":"wp","href":"https:\/\/api.w.org\/{rel}","templated":true}]}}