{"id":4390,"date":"2025-08-15T16:12:12","date_gmt":"2025-08-16T02:12:12","guid":{"rendered":"https:\/\/www.tahitiplaisirs.com\/?post_type=product&#038;p=4390"},"modified":"2026-03-04T11:25:05","modified_gmt":"2026-03-04T21:25:05","slug":"body-manches-longues-kl-s-l","status":"publish","type":"product","link":"https:\/\/www.tahitiplaisirs.com\/en\/product\/body-manches-longues-kl-s-l\/","title":{"rendered":"Body manches longues KL S-L"},"content":{"rendered":"","protected":false},"excerpt":{"rendered":"<p>Body noir manches longues S-L de Killer Legs<\/p>\n<p>Body dot\u00e9 d&rsquo;un ras de cou \u00e0 fines bretelles, d&rsquo;un tissu r\u00e9sille et de manches \u00e9paules d\u00e9nud\u00e9es, ce mod\u00e8le met en valeur votre taille gr\u00e2ce \u00e0 un effet cage, cr\u00e9ant ainsi une silhouette en sablier.<\/p>","protected":false},"featured_media":10286,"template":"","meta":[],"product_brand":[136],"product_cat":[73,74,63],"product_tag":[],"class_list":{"0":"post-4390","1":"product","2":"type-product","3":"status-publish","4":"has-post-thumbnail","6":"product_brand-killer-legs","7":"product_cat-lingerie-sexy","8":"product_cat-nuisettes-bodys-et-set","9":"product_cat-pour-elle","12":"instock","13":"taxable","14":"shipping-taxable","15":"purchasable","16":"product-type-simple","17":"product-grid-view"},"_links":{"self":[{"href":"https:\/\/www.tahitiplaisirs.com\/en\/wp-json\/wp\/v2\/product\/4390","targetHints":{"allow":["GET"]}}],"collection":[{"href":"https:\/\/www.tahitiplaisirs.com\/en\/wp-json\/wp\/v2\/product"}],"about":[{"href":"https:\/\/www.tahitiplaisirs.com\/en\/wp-json\/wp\/v2\/types\/product"}],"version-history":[{"count":4,"href":"https:\/\/www.tahitiplaisirs.com\/en\/wp-json\/wp\/v2\/product\/4390\/revisions"}],"predecessor-version":[{"id":10388,"href":"https:\/\/www.tahitiplaisirs.com\/en\/wp-json\/wp\/v2\/product\/4390\/revisions\/10388"}],"wp:featuredmedia":[{"embeddable":true,"href":"https:\/\/www.tahitiplaisirs.com\/en\/wp-json\/wp\/v2\/media\/10286"}],"wp:attachment":[{"href":"https:\/\/www.tahitiplaisirs.com\/en\/wp-json\/wp\/v2\/media?parent=4390"}],"wp:term":[{"taxonomy":"product_brand","embeddable":true,"href":"https:\/\/www.tahitiplaisirs.com\/en\/wp-json\/wp\/v2\/product_brand?post=4390"},{"taxonomy":"product_cat","embeddable":true,"href":"https:\/\/www.tahitiplaisirs.com\/en\/wp-json\/wp\/v2\/product_cat?post=4390"},{"taxonomy":"product_tag","embeddable":true,"href":"https:\/\/www.tahitiplaisirs.com\/en\/wp-json\/wp\/v2\/product_tag?post=4390"}],"curies":[{"name":"wp","href":"https:\/\/api.w.org\/{rel}","templated":true}]}}