{"id":4395,"date":"2025-08-15T16:12:12","date_gmt":"2025-08-16T02:12:12","guid":{"rendered":"https:\/\/www.tahitiplaisirs.com\/?post_type=product&#038;p=4395"},"modified":"2026-03-21T14:17:17","modified_gmt":"2026-03-22T00:17:17","slug":"pompe-hydromax-7-wide-boy-transparent-x30","status":"publish","type":"product","link":"https:\/\/www.tahitiplaisirs.com\/en\/product\/pompe-hydromax-7-wide-boy-transparent-x30\/","title":{"rendered":"Pompe HydroMax 7 Wide Boy transparent x30"},"content":{"rendered":"","protected":false},"excerpt":{"rendered":"<p>Hydromax 7 Wide Boy x30 transparent de Bathmate<\/p>\n<p>Cette pompe comporte un syst\u00e8me de succion hydraulique qui assure une efficacit\u00e9 optimale et un r\u00e9sultat important.<\/p>\n<p>Recommand\u00e9e pour les p\u00e9nis de 13cm \u00e0 18cm de longueur en \u00e9rection.<\/p>\n<p>Cette version de la pompe \u00e0 p\u00e9nis est compos\u00e9e de:<\/p>\n<ul>\n<li>un syst\u00e8me \u00e0 soufflets performant qui rend l&rsquo;utilisation plus confortable et plus facile. Moins d&rsquo;effort pour plus d&rsquo;efficacit\u00e9 et de puissance \u00e0 la succion<\/li>\n<li>un \u00ab\u00a0coussin d&rsquo;air\u00a0\u00bb qui permet une bonne aspiration et une \u00e9tanch\u00e9it\u00e9 optimale entre le corps et l&rsquo;int\u00e9rieur de la pompe Bathmate<\/li>\n<li>le syst\u00e8me hydraulique avec une vanne de remplissage et de vidage de l&rsquo;eau<\/li>\n<li>un guide de mesure sur la surface pour voir l&rsquo;\u00e9volution de l&rsquo;augmentation<\/li>\n<\/ul>\n<p>La pompe permet :<\/p>\n<ul>\n<li>d&rsquo;augmenter le flux sanguin, la sant\u00e9 et le bien-\u00eatre sexuel<\/li>\n<li>d&rsquo;am\u00e9liorer la taille et la duret\u00e9 de l&rsquo;\u00e9rection.<\/li>\n<\/ul>\n<p>Conseils d&rsquo;utilisation:<\/p>\n<p>Pour une efficacit\u00e9 optimale, votre espace bien \u00eatre Tahiti Plaisirs recommande un pubis ras\u00e9 car les poils emp\u00eachent l&rsquo;adh\u00e9rence de la pompe au corps.<\/p>\n<p>Votre usage doit \u00eatre r\u00e9gulier (environ 10 \u00e0 15 minutes la s\u00e9ance, et au moins 3 fois\/semaine).<\/p>\n<p>Les r\u00e9sultats peuvent \u00eatre visibles en 8 \u00e0 10 semaines, autant en longueur qu&rsquo;en \u00e9paisseur de sexe.<\/p>\n<p>Manier avec pr\u00e9caution votre pompe et surtout sans forcer.<\/p>\n<p>&nbsp;<\/p>","protected":false},"featured_media":7886,"template":"","meta":[],"product_brand":[],"product_cat":[52,51,47],"product_tag":[],"class_list":{"0":"post-4395","1":"product","2":"type-product","3":"status-publish","4":"has-post-thumbnail","6":"product_cat-developpement-du-penis","7":"product_cat-pour-lui","8":"product_cat-sextoys","11":"instock","12":"taxable","13":"shipping-taxable","14":"purchasable","15":"product-type-simple","16":"product-grid-view"},"_links":{"self":[{"href":"https:\/\/www.tahitiplaisirs.com\/en\/wp-json\/wp\/v2\/product\/4395","targetHints":{"allow":["GET"]}}],"collection":[{"href":"https:\/\/www.tahitiplaisirs.com\/en\/wp-json\/wp\/v2\/product"}],"about":[{"href":"https:\/\/www.tahitiplaisirs.com\/en\/wp-json\/wp\/v2\/types\/product"}],"version-history":[{"count":1,"href":"https:\/\/www.tahitiplaisirs.com\/en\/wp-json\/wp\/v2\/product\/4395\/revisions"}],"predecessor-version":[{"id":4425,"href":"https:\/\/www.tahitiplaisirs.com\/en\/wp-json\/wp\/v2\/product\/4395\/revisions\/4425"}],"wp:featuredmedia":[{"embeddable":true,"href":"https:\/\/www.tahitiplaisirs.com\/en\/wp-json\/wp\/v2\/media\/7886"}],"wp:attachment":[{"href":"https:\/\/www.tahitiplaisirs.com\/en\/wp-json\/wp\/v2\/media?parent=4395"}],"wp:term":[{"taxonomy":"product_brand","embeddable":true,"href":"https:\/\/www.tahitiplaisirs.com\/en\/wp-json\/wp\/v2\/product_brand?post=4395"},{"taxonomy":"product_cat","embeddable":true,"href":"https:\/\/www.tahitiplaisirs.com\/en\/wp-json\/wp\/v2\/product_cat?post=4395"},{"taxonomy":"product_tag","embeddable":true,"href":"https:\/\/www.tahitiplaisirs.com\/en\/wp-json\/wp\/v2\/product_tag?post=4395"}],"curies":[{"name":"wp","href":"https:\/\/api.w.org\/{rel}","templated":true}]}}