{"id":4401,"date":"2025-08-15T16:12:12","date_gmt":"2025-08-16T02:12:12","guid":{"rendered":"https:\/\/www.tahitiplaisirs.com\/?post_type=product&#038;p=4401"},"modified":"2026-04-02T15:22:04","modified_gmt":"2026-04-03T01:22:04","slug":"oeuf-rechargeable-berger","status":"publish","type":"product","link":"https:\/\/www.tahitiplaisirs.com\/en\/product\/oeuf-rechargeable-berger\/","title":{"rendered":"\u0152uf rechargeable Berger"},"content":{"rendered":"","protected":false},"excerpt":{"rendered":"<p>\u0152uf rechargeable Berger de Baile &#8211; Pretty Love<\/p>\n<p>\u0152uf vibrant rechargeable via USB fabriqu\u00e9 en silicone doux et souple.<\/p>\n<p>Cet \u0153uf lisse livr\u00e9 avec sa t\u00e9l\u00e9commande propose 12 modes de vibration.<\/p>\n<p>L&rsquo;\u0153uf mesure 7,5cm sur 3,3cm de diam\u00e8tre.<\/p>","protected":false},"featured_media":10692,"template":"","meta":[],"product_brand":[93],"product_cat":[75,47],"product_tag":[],"class_list":{"0":"post-4401","1":"product","2":"type-product","3":"status-publish","4":"has-post-thumbnail","6":"product_brand-baile-pretty-love","7":"product_cat-oeufs-boules-de-geisha","8":"product_cat-sextoys","11":"instock","12":"taxable","13":"shipping-taxable","14":"purchasable","15":"product-type-simple","16":"product-grid-view"},"_links":{"self":[{"href":"https:\/\/www.tahitiplaisirs.com\/en\/wp-json\/wp\/v2\/product\/4401","targetHints":{"allow":["GET"]}}],"collection":[{"href":"https:\/\/www.tahitiplaisirs.com\/en\/wp-json\/wp\/v2\/product"}],"about":[{"href":"https:\/\/www.tahitiplaisirs.com\/en\/wp-json\/wp\/v2\/types\/product"}],"version-history":[{"count":3,"href":"https:\/\/www.tahitiplaisirs.com\/en\/wp-json\/wp\/v2\/product\/4401\/revisions"}],"predecessor-version":[{"id":10694,"href":"https:\/\/www.tahitiplaisirs.com\/en\/wp-json\/wp\/v2\/product\/4401\/revisions\/10694"}],"wp:featuredmedia":[{"embeddable":true,"href":"https:\/\/www.tahitiplaisirs.com\/en\/wp-json\/wp\/v2\/media\/10692"}],"wp:attachment":[{"href":"https:\/\/www.tahitiplaisirs.com\/en\/wp-json\/wp\/v2\/media?parent=4401"}],"wp:term":[{"taxonomy":"product_brand","embeddable":true,"href":"https:\/\/www.tahitiplaisirs.com\/en\/wp-json\/wp\/v2\/product_brand?post=4401"},{"taxonomy":"product_cat","embeddable":true,"href":"https:\/\/www.tahitiplaisirs.com\/en\/wp-json\/wp\/v2\/product_cat?post=4401"},{"taxonomy":"product_tag","embeddable":true,"href":"https:\/\/www.tahitiplaisirs.com\/en\/wp-json\/wp\/v2\/product_tag?post=4401"}],"curies":[{"name":"wp","href":"https:\/\/api.w.org\/{rel}","templated":true}]}}