{"id":4410,"date":"2025-08-15T16:12:13","date_gmt":"2025-08-16T02:12:13","guid":{"rendered":"https:\/\/www.tahitiplaisirs.com\/?post_type=product&#038;p=4410"},"modified":"2026-03-21T14:17:13","modified_gmt":"2026-03-22T00:17:13","slug":"gaine-de-penis-breyden","status":"publish","type":"product","link":"https:\/\/www.tahitiplaisirs.com\/en\/product\/gaine-de-penis-breyden\/","title":{"rendered":"Gaine de p\u00e9nis Breyden"},"content":{"rendered":"","protected":false},"excerpt":{"rendered":"<p>Gaine de p\u00e9nis Breyden de Baile &#8211; Pretty Love<\/p>\n<p>Gaine de p\u00e9nis couleur chair avec anneau pour testicules<\/p>\n<p>Ce manchon est extensible, il ajoutera de la longueur et de l&rsquo;\u00e9paisseur \u00e0 votre p\u00e9nis.<\/p>\n<p>Il s&rsquo;adapte \u00e0 la plupart des tailles de p\u00e9nis.<\/p>","protected":false},"featured_media":7892,"template":"","meta":[],"product_brand":[93],"product_cat":[76,51,47],"product_tag":[],"class_list":{"0":"post-4410","1":"product","2":"type-product","3":"status-publish","4":"has-post-thumbnail","6":"product_brand-baile-pretty-love","7":"product_cat-gaines","8":"product_cat-pour-lui","9":"product_cat-sextoys","12":"instock","13":"taxable","14":"shipping-taxable","15":"purchasable","16":"product-type-simple","17":"product-grid-view"},"_links":{"self":[{"href":"https:\/\/www.tahitiplaisirs.com\/en\/wp-json\/wp\/v2\/product\/4410","targetHints":{"allow":["GET"]}}],"collection":[{"href":"https:\/\/www.tahitiplaisirs.com\/en\/wp-json\/wp\/v2\/product"}],"about":[{"href":"https:\/\/www.tahitiplaisirs.com\/en\/wp-json\/wp\/v2\/types\/product"}],"version-history":[{"count":1,"href":"https:\/\/www.tahitiplaisirs.com\/en\/wp-json\/wp\/v2\/product\/4410\/revisions"}],"predecessor-version":[{"id":4440,"href":"https:\/\/www.tahitiplaisirs.com\/en\/wp-json\/wp\/v2\/product\/4410\/revisions\/4440"}],"wp:featuredmedia":[{"embeddable":true,"href":"https:\/\/www.tahitiplaisirs.com\/en\/wp-json\/wp\/v2\/media\/7892"}],"wp:attachment":[{"href":"https:\/\/www.tahitiplaisirs.com\/en\/wp-json\/wp\/v2\/media?parent=4410"}],"wp:term":[{"taxonomy":"product_brand","embeddable":true,"href":"https:\/\/www.tahitiplaisirs.com\/en\/wp-json\/wp\/v2\/product_brand?post=4410"},{"taxonomy":"product_cat","embeddable":true,"href":"https:\/\/www.tahitiplaisirs.com\/en\/wp-json\/wp\/v2\/product_cat?post=4410"},{"taxonomy":"product_tag","embeddable":true,"href":"https:\/\/www.tahitiplaisirs.com\/en\/wp-json\/wp\/v2\/product_tag?post=4410"}],"curies":[{"name":"wp","href":"https:\/\/api.w.org\/{rel}","templated":true}]}}