{"id":4447,"date":"2025-08-15T16:12:16","date_gmt":"2025-08-16T02:12:16","guid":{"rendered":"https:\/\/www.tahitiplaisirs.com\/?post_type=product&#038;p=4447"},"modified":"2026-02-24T15:19:16","modified_gmt":"2026-02-25T01:19:16","slug":"anneau-metallique-yoke-38mm","status":"publish","type":"product","link":"https:\/\/www.tahitiplaisirs.com\/en\/product\/anneau-metallique-yoke-38mm\/","title":{"rendered":"Anneau m\u00e9tallique Yoke 38mm"},"content":{"rendered":"","protected":false},"excerpt":{"rendered":"<p>Anneau m\u00e9tallique Yoke 38mm de Locked<\/p>\n<p>Cet anneau de renforcement est con\u00e7u pour maximiser l&rsquo;endurance et le plaisir chez l&rsquo;homme.<\/p>\n<p>Sa constitution robuste assure une s\u00e9curit\u00e9 optimale tandis que son ajustement pr\u00e9cis promet un confort sans pareil.<\/p>","protected":false},"featured_media":9896,"template":"","meta":[],"product_brand":[140],"product_cat":[68,51],"product_tag":[],"class_list":{"0":"post-4447","1":"product","2":"type-product","3":"status-publish","4":"has-post-thumbnail","6":"product_brand-locked","7":"product_cat-anneaux","8":"product_cat-pour-lui","11":"instock","12":"taxable","13":"shipping-taxable","14":"purchasable","15":"product-type-simple","16":"product-grid-view"},"_links":{"self":[{"href":"https:\/\/www.tahitiplaisirs.com\/en\/wp-json\/wp\/v2\/product\/4447","targetHints":{"allow":["GET"]}}],"collection":[{"href":"https:\/\/www.tahitiplaisirs.com\/en\/wp-json\/wp\/v2\/product"}],"about":[{"href":"https:\/\/www.tahitiplaisirs.com\/en\/wp-json\/wp\/v2\/types\/product"}],"version-history":[{"count":3,"href":"https:\/\/www.tahitiplaisirs.com\/en\/wp-json\/wp\/v2\/product\/4447\/revisions"}],"predecessor-version":[{"id":9907,"href":"https:\/\/www.tahitiplaisirs.com\/en\/wp-json\/wp\/v2\/product\/4447\/revisions\/9907"}],"wp:featuredmedia":[{"embeddable":true,"href":"https:\/\/www.tahitiplaisirs.com\/en\/wp-json\/wp\/v2\/media\/9896"}],"wp:attachment":[{"href":"https:\/\/www.tahitiplaisirs.com\/en\/wp-json\/wp\/v2\/media?parent=4447"}],"wp:term":[{"taxonomy":"product_brand","embeddable":true,"href":"https:\/\/www.tahitiplaisirs.com\/en\/wp-json\/wp\/v2\/product_brand?post=4447"},{"taxonomy":"product_cat","embeddable":true,"href":"https:\/\/www.tahitiplaisirs.com\/en\/wp-json\/wp\/v2\/product_cat?post=4447"},{"taxonomy":"product_tag","embeddable":true,"href":"https:\/\/www.tahitiplaisirs.com\/en\/wp-json\/wp\/v2\/product_tag?post=4447"}],"curies":[{"name":"wp","href":"https:\/\/api.w.org\/{rel}","templated":true}]}}