{"id":4460,"date":"2025-08-15T16:12:17","date_gmt":"2025-08-16T02:12:17","guid":{"rendered":"https:\/\/www.tahitiplaisirs.com\/?post_type=product&#038;p=4460"},"modified":"2026-03-21T14:16:13","modified_gmt":"2026-03-22T00:16:13","slug":"anneau-vibrant-thimble","status":"publish","type":"product","link":"https:\/\/www.tahitiplaisirs.com\/en\/product\/anneau-vibrant-thimble\/","title":{"rendered":"Anneau vibrant Thimble"},"content":{"rendered":"","protected":false},"excerpt":{"rendered":"<p>Anneau vibrant Thimble de Baile &#8211; Pretty Love<\/p>\n<p>Anneau vibrant en silicone souple, doux et sans danger pour le corps.<\/p>\n<p>Il permet une meilleure \u00e9rection et stimulera le clitoris de votre partenaire lors des p\u00e9n\u00e9trations gr\u00e2ce \u00e0 ses stries.<\/p>\n<p>Il mesure 6,5 cm et n\u00e9cessite 3 piles LR41 pour fonctionner.<\/p>\n<p>Il est extensible et s&rsquo;adapte \u00e0 toutes les tailles de p\u00e9nis.<\/p>","protected":false},"featured_media":7860,"template":"","meta":[],"product_brand":[],"product_cat":[68,51,47],"product_tag":[],"class_list":{"0":"post-4460","1":"product","2":"type-product","3":"status-publish","4":"has-post-thumbnail","6":"product_cat-anneaux","7":"product_cat-pour-lui","8":"product_cat-sextoys","11":"instock","12":"taxable","13":"shipping-taxable","14":"purchasable","15":"product-type-simple","16":"product-grid-view"},"_links":{"self":[{"href":"https:\/\/www.tahitiplaisirs.com\/en\/wp-json\/wp\/v2\/product\/4460","targetHints":{"allow":["GET"]}}],"collection":[{"href":"https:\/\/www.tahitiplaisirs.com\/en\/wp-json\/wp\/v2\/product"}],"about":[{"href":"https:\/\/www.tahitiplaisirs.com\/en\/wp-json\/wp\/v2\/types\/product"}],"version-history":[{"count":2,"href":"https:\/\/www.tahitiplaisirs.com\/en\/wp-json\/wp\/v2\/product\/4460\/revisions"}],"predecessor-version":[{"id":9455,"href":"https:\/\/www.tahitiplaisirs.com\/en\/wp-json\/wp\/v2\/product\/4460\/revisions\/9455"}],"wp:featuredmedia":[{"embeddable":true,"href":"https:\/\/www.tahitiplaisirs.com\/en\/wp-json\/wp\/v2\/media\/7860"}],"wp:attachment":[{"href":"https:\/\/www.tahitiplaisirs.com\/en\/wp-json\/wp\/v2\/media?parent=4460"}],"wp:term":[{"taxonomy":"product_brand","embeddable":true,"href":"https:\/\/www.tahitiplaisirs.com\/en\/wp-json\/wp\/v2\/product_brand?post=4460"},{"taxonomy":"product_cat","embeddable":true,"href":"https:\/\/www.tahitiplaisirs.com\/en\/wp-json\/wp\/v2\/product_cat?post=4460"},{"taxonomy":"product_tag","embeddable":true,"href":"https:\/\/www.tahitiplaisirs.com\/en\/wp-json\/wp\/v2\/product_tag?post=4460"}],"curies":[{"name":"wp","href":"https:\/\/api.w.org\/{rel}","templated":true}]}}