{"id":4461,"date":"2025-08-15T16:12:17","date_gmt":"2025-08-16T02:12:17","guid":{"rendered":"https:\/\/www.tahitiplaisirs.com\/?post_type=product&#038;p=4461"},"modified":"2026-03-16T12:35:10","modified_gmt":"2026-03-16T22:35:10","slug":"anneau-vibrant-eudora","status":"publish","type":"product","link":"https:\/\/www.tahitiplaisirs.com\/en\/product\/anneau-vibrant-eudora\/","title":{"rendered":"Anneau vibrant Eudora"},"content":{"rendered":"","protected":false},"excerpt":{"rendered":"<p>Anneau vibrant Eudora de Baile &#8211; Pretty Love<\/p>\n<p>Anneau vibrant en silicone souple, doux et sans danger pour le corps.<\/p>\n<p>Il permet une meilleure \u00e9rection et stimulera le clitoris de votre partenaire lors des p\u00e9n\u00e9trations gr\u00e2ce \u00e0 ses oreilles de lapin.<\/p>\n<p>Il est extensible et s&rsquo;adapte \u00e0 toutes les tailles de p\u00e9nis.<\/p>\n<p>Il mesure 5,5cm et n\u00e9cessite 3 piles LR41 pour fonctionner.<\/p>","protected":false},"featured_media":10788,"template":"","meta":[],"product_brand":[93],"product_cat":[68,51,47],"product_tag":[],"class_list":{"0":"post-4461","1":"product","2":"type-product","3":"status-publish","4":"has-post-thumbnail","6":"product_brand-baile-pretty-love","7":"product_cat-anneaux","8":"product_cat-pour-lui","9":"product_cat-sextoys","12":"instock","13":"taxable","14":"shipping-taxable","15":"purchasable","16":"product-type-simple","17":"product-grid-view"},"_links":{"self":[{"href":"https:\/\/www.tahitiplaisirs.com\/en\/wp-json\/wp\/v2\/product\/4461","targetHints":{"allow":["GET"]}}],"collection":[{"href":"https:\/\/www.tahitiplaisirs.com\/en\/wp-json\/wp\/v2\/product"}],"about":[{"href":"https:\/\/www.tahitiplaisirs.com\/en\/wp-json\/wp\/v2\/types\/product"}],"version-history":[{"count":2,"href":"https:\/\/www.tahitiplaisirs.com\/en\/wp-json\/wp\/v2\/product\/4461\/revisions"}],"predecessor-version":[{"id":10812,"href":"https:\/\/www.tahitiplaisirs.com\/en\/wp-json\/wp\/v2\/product\/4461\/revisions\/10812"}],"wp:featuredmedia":[{"embeddable":true,"href":"https:\/\/www.tahitiplaisirs.com\/en\/wp-json\/wp\/v2\/media\/10788"}],"wp:attachment":[{"href":"https:\/\/www.tahitiplaisirs.com\/en\/wp-json\/wp\/v2\/media?parent=4461"}],"wp:term":[{"taxonomy":"product_brand","embeddable":true,"href":"https:\/\/www.tahitiplaisirs.com\/en\/wp-json\/wp\/v2\/product_brand?post=4461"},{"taxonomy":"product_cat","embeddable":true,"href":"https:\/\/www.tahitiplaisirs.com\/en\/wp-json\/wp\/v2\/product_cat?post=4461"},{"taxonomy":"product_tag","embeddable":true,"href":"https:\/\/www.tahitiplaisirs.com\/en\/wp-json\/wp\/v2\/product_tag?post=4461"}],"curies":[{"name":"wp","href":"https:\/\/api.w.org\/{rel}","templated":true}]}}