{"id":4462,"date":"2025-08-15T16:12:17","date_gmt":"2025-08-16T02:12:17","guid":{"rendered":"https:\/\/www.tahitiplaisirs.com\/?post_type=product&#038;p=4462"},"modified":"2026-03-21T14:16:12","modified_gmt":"2026-03-22T00:16:12","slug":"masturbateur-rechargeable-novax","status":"publish","type":"product","link":"https:\/\/www.tahitiplaisirs.com\/en\/product\/masturbateur-rechargeable-novax\/","title":{"rendered":"Masturbateur Novax"},"content":{"rendered":"","protected":false},"excerpt":{"rendered":"<p>Masturbateur rechargeable Novax de Jamijob<\/p>\n<p>Masturbateur rechargeable qui stimule tout le p\u00e9nis<\/p>\n<p>Il propose 6 modes d&rsquo;aspiration\/compression et 10 modes de vibrations.<\/p>\n<p>L&rsquo;int\u00e9rieur est en silicone et l&rsquo;\u00e9tui est fabriqu\u00e9 \u00e0 partir d&rsquo;un mat\u00e9riau cyberskin super doux.<\/p>\n<p>C\u00e2ble de charge USB magn\u00e9tique<\/p>\n<p>170 minutes de charge pour 100 minutes de plaisir intense<\/p>\n<p>Il mesure 19,5 cm pour un diam\u00e8tre de 8,5 cm.<\/p>","protected":false},"featured_media":6919,"template":"","meta":[],"product_brand":[115],"product_cat":[78,51,47],"product_tag":[],"class_list":{"0":"post-4462","1":"product","2":"type-product","3":"status-publish","4":"has-post-thumbnail","6":"product_brand-jamyjob","7":"product_cat-masturbateurs","8":"product_cat-pour-lui","9":"product_cat-sextoys","12":"instock","13":"taxable","14":"shipping-taxable","15":"purchasable","16":"product-type-simple","17":"product-grid-view"},"_links":{"self":[{"href":"https:\/\/www.tahitiplaisirs.com\/en\/wp-json\/wp\/v2\/product\/4462","targetHints":{"allow":["GET"]}}],"collection":[{"href":"https:\/\/www.tahitiplaisirs.com\/en\/wp-json\/wp\/v2\/product"}],"about":[{"href":"https:\/\/www.tahitiplaisirs.com\/en\/wp-json\/wp\/v2\/types\/product"}],"version-history":[{"count":2,"href":"https:\/\/www.tahitiplaisirs.com\/en\/wp-json\/wp\/v2\/product\/4462\/revisions"}],"predecessor-version":[{"id":6921,"href":"https:\/\/www.tahitiplaisirs.com\/en\/wp-json\/wp\/v2\/product\/4462\/revisions\/6921"}],"wp:featuredmedia":[{"embeddable":true,"href":"https:\/\/www.tahitiplaisirs.com\/en\/wp-json\/wp\/v2\/media\/6919"}],"wp:attachment":[{"href":"https:\/\/www.tahitiplaisirs.com\/en\/wp-json\/wp\/v2\/media?parent=4462"}],"wp:term":[{"taxonomy":"product_brand","embeddable":true,"href":"https:\/\/www.tahitiplaisirs.com\/en\/wp-json\/wp\/v2\/product_brand?post=4462"},{"taxonomy":"product_cat","embeddable":true,"href":"https:\/\/www.tahitiplaisirs.com\/en\/wp-json\/wp\/v2\/product_cat?post=4462"},{"taxonomy":"product_tag","embeddable":true,"href":"https:\/\/www.tahitiplaisirs.com\/en\/wp-json\/wp\/v2\/product_tag?post=4462"}],"curies":[{"name":"wp","href":"https:\/\/api.w.org\/{rel}","templated":true}]}}