{"id":4470,"date":"2025-08-15T16:12:17","date_gmt":"2025-08-16T02:12:17","guid":{"rendered":"https:\/\/www.tahitiplaisirs.com\/?post_type=product&#038;p=4470"},"modified":"2026-04-11T12:00:11","modified_gmt":"2026-04-11T22:00:11","slug":"jungle-juice-platinum-24ml","status":"publish","type":"product","link":"https:\/\/www.tahitiplaisirs.com\/en\/product\/jungle-juice-platinum-24ml\/","title":{"rendered":"Jungle Juice Platinum 24ml"},"content":{"rendered":"","protected":false},"excerpt":{"rendered":"<p>Jungle Juice Platinum<\/p>\n<p>Famille : Propyle<\/p>\n<p>Flacon de 24 ml<\/p>\n<p>Le Jungle Juice en version Platinum est la formule la plus forte sur le march\u00e9.<\/p>\n<p>C&rsquo;est la version MAX recommand\u00e9e pour les utilisateurs r\u00e9guliers d&rsquo;ar\u00f4mes.<\/p>\n<p>Il transporte v\u00e9ritablement la personne et lui permet de s&rsquo;\u00e9clater.<\/p>\n<p>Jungle Juice est la r\u00e9f\u00e9rence des ar\u00f4mes des initi\u00e9s \u00e0 tester absolument et \u00e0 diffuser.<\/p>","protected":false},"featured_media":7882,"template":"","meta":[],"product_brand":[],"product_cat":[84],"product_tag":[],"class_list":{"0":"post-4470","1":"product","2":"type-product","3":"status-publish","4":"has-post-thumbnail","6":"product_cat-poppers","7":"product_shipping_class-inflammable","10":"instock","11":"taxable","12":"shipping-taxable","13":"purchasable","14":"product-type-simple","15":"product-grid-view"},"_links":{"self":[{"href":"https:\/\/www.tahitiplaisirs.com\/en\/wp-json\/wp\/v2\/product\/4470","targetHints":{"allow":["GET"]}}],"collection":[{"href":"https:\/\/www.tahitiplaisirs.com\/en\/wp-json\/wp\/v2\/product"}],"about":[{"href":"https:\/\/www.tahitiplaisirs.com\/en\/wp-json\/wp\/v2\/types\/product"}],"version-history":[{"count":3,"href":"https:\/\/www.tahitiplaisirs.com\/en\/wp-json\/wp\/v2\/product\/4470\/revisions"}],"predecessor-version":[{"id":9372,"href":"https:\/\/www.tahitiplaisirs.com\/en\/wp-json\/wp\/v2\/product\/4470\/revisions\/9372"}],"wp:featuredmedia":[{"embeddable":true,"href":"https:\/\/www.tahitiplaisirs.com\/en\/wp-json\/wp\/v2\/media\/7882"}],"wp:attachment":[{"href":"https:\/\/www.tahitiplaisirs.com\/en\/wp-json\/wp\/v2\/media?parent=4470"}],"wp:term":[{"taxonomy":"product_brand","embeddable":true,"href":"https:\/\/www.tahitiplaisirs.com\/en\/wp-json\/wp\/v2\/product_brand?post=4470"},{"taxonomy":"product_cat","embeddable":true,"href":"https:\/\/www.tahitiplaisirs.com\/en\/wp-json\/wp\/v2\/product_cat?post=4470"},{"taxonomy":"product_tag","embeddable":true,"href":"https:\/\/www.tahitiplaisirs.com\/en\/wp-json\/wp\/v2\/product_tag?post=4470"}],"curies":[{"name":"wp","href":"https:\/\/api.w.org\/{rel}","templated":true}]}}