{"id":4512,"date":"2025-08-15T16:12:21","date_gmt":"2025-08-16T02:12:21","guid":{"rendered":"https:\/\/www.tahitiplaisirs.com\/?post_type=product&#038;p=4512"},"modified":"2026-03-21T14:16:04","modified_gmt":"2026-03-22T00:16:04","slug":"double-dong-silexd-chair-medium","status":"publish","type":"product","link":"https:\/\/www.tahitiplaisirs.com\/en\/product\/double-dong-silexd-chair-medium\/","title":{"rendered":"Double dong Silexd chair Medium"},"content":{"rendered":"","protected":false},"excerpt":{"rendered":"<p>Double dong chair Medium de Silexd<\/p>\n<p>Ce double gode en silicone mesure 42,5cm de longueur au totale permettant de jouer \u00e0 deux et d&rsquo;un diam\u00e8tre de 4,4cm.<\/p>\n<p>La mati\u00e8re silicone est thermo r\u00e9active et r\u00e9agit \u00e0 la temp\u00e9rature, cela donne une structure souple ou plus ferme.<\/p>\n<p>Chaque c\u00f4t\u00e9 a une longueur ins\u00e9rable d&rsquo;environ 20cm.<\/p>","protected":false},"featured_media":7870,"template":"","meta":[],"product_brand":[87],"product_cat":[53,47],"product_tag":[],"class_list":{"0":"post-4512","1":"product","2":"type-product","3":"status-publish","4":"has-post-thumbnail","6":"product_brand-silexd","7":"product_cat-godemichets","8":"product_cat-sextoys","11":"instock","12":"taxable","13":"shipping-taxable","14":"purchasable","15":"product-type-simple","16":"product-grid-view"},"_links":{"self":[{"href":"https:\/\/www.tahitiplaisirs.com\/en\/wp-json\/wp\/v2\/product\/4512","targetHints":{"allow":["GET"]}}],"collection":[{"href":"https:\/\/www.tahitiplaisirs.com\/en\/wp-json\/wp\/v2\/product"}],"about":[{"href":"https:\/\/www.tahitiplaisirs.com\/en\/wp-json\/wp\/v2\/types\/product"}],"version-history":[{"count":1,"href":"https:\/\/www.tahitiplaisirs.com\/en\/wp-json\/wp\/v2\/product\/4512\/revisions"}],"predecessor-version":[{"id":4542,"href":"https:\/\/www.tahitiplaisirs.com\/en\/wp-json\/wp\/v2\/product\/4512\/revisions\/4542"}],"wp:featuredmedia":[{"embeddable":true,"href":"https:\/\/www.tahitiplaisirs.com\/en\/wp-json\/wp\/v2\/media\/7870"}],"wp:attachment":[{"href":"https:\/\/www.tahitiplaisirs.com\/en\/wp-json\/wp\/v2\/media?parent=4512"}],"wp:term":[{"taxonomy":"product_brand","embeddable":true,"href":"https:\/\/www.tahitiplaisirs.com\/en\/wp-json\/wp\/v2\/product_brand?post=4512"},{"taxonomy":"product_cat","embeddable":true,"href":"https:\/\/www.tahitiplaisirs.com\/en\/wp-json\/wp\/v2\/product_cat?post=4512"},{"taxonomy":"product_tag","embeddable":true,"href":"https:\/\/www.tahitiplaisirs.com\/en\/wp-json\/wp\/v2\/product_tag?post=4512"}],"curies":[{"name":"wp","href":"https:\/\/api.w.org\/{rel}","templated":true}]}}