{"id":4514,"date":"2025-08-15T16:12:21","date_gmt":"2025-08-16T02:12:21","guid":{"rendered":"https:\/\/www.tahitiplaisirs.com\/?post_type=product&#038;p=4514"},"modified":"2026-02-17T14:12:22","modified_gmt":"2026-02-18T00:12:22","slug":"huile-chauffante-cerise","status":"publish","type":"product","link":"https:\/\/www.tahitiplaisirs.com\/en\/product\/huile-chauffante-cerise\/","title":{"rendered":"Huile chauffante cerise"},"content":{"rendered":"","protected":false},"excerpt":{"rendered":"<p>Huile chauffante et comestible de Shunga Erotic Art<\/p>\n<p>Ar\u00f4me : cerise ardente<\/p>\n<p>Contenance : 100 ml<\/p>\n<p>Inspir\u00e9 de l&rsquo;art \u00e9rotique Japonais, la collection de produits Shunga s&rsquo;adresse aux amoureux de l&rsquo;amour.<\/p>\n<p>V\u00e9ritable invitation au voyage, ces cosm\u00e9tiques \u00e9l\u00e9gants et raffin\u00e9s sont empreints de sensualit\u00e9, d&rsquo;excitation et de passion<\/p>\n<p>Une d\u00e9licieuse huile chauffante comestible con\u00e7ue sp\u00e9cialement pour les zones \u00e9rog\u00e8nes.<\/p>\n<p>D\u00e9posez d\u00e9licatement une petite quantit\u00e9 de cette huile aphrodisiaque cerise \u00e0 l&rsquo;endroit propice, puis massez d\u00e9licatement.<\/p>\n<p>S&rsquo;active par le souffle chaud de doux baisers intimes.<\/p>\n<p>&nbsp;<\/p>\n<p>&nbsp;<\/p>","protected":false},"featured_media":10793,"template":"","meta":[],"product_brand":[90],"product_cat":[49,56],"product_tag":[],"class_list":{"0":"post-4514","1":"product","2":"type-product","3":"status-publish","4":"has-post-thumbnail","6":"product_brand-shunga-erotic-art","7":"product_cat-bien-etre","8":"product_cat-huiles","11":"instock","12":"taxable","13":"shipping-taxable","14":"purchasable","15":"product-type-simple","16":"product-grid-view"},"_links":{"self":[{"href":"https:\/\/www.tahitiplaisirs.com\/en\/wp-json\/wp\/v2\/product\/4514","targetHints":{"allow":["GET"]}}],"collection":[{"href":"https:\/\/www.tahitiplaisirs.com\/en\/wp-json\/wp\/v2\/product"}],"about":[{"href":"https:\/\/www.tahitiplaisirs.com\/en\/wp-json\/wp\/v2\/types\/product"}],"version-history":[{"count":1,"href":"https:\/\/www.tahitiplaisirs.com\/en\/wp-json\/wp\/v2\/product\/4514\/revisions"}],"predecessor-version":[{"id":4544,"href":"https:\/\/www.tahitiplaisirs.com\/en\/wp-json\/wp\/v2\/product\/4514\/revisions\/4544"}],"wp:featuredmedia":[{"embeddable":true,"href":"https:\/\/www.tahitiplaisirs.com\/en\/wp-json\/wp\/v2\/media\/10793"}],"wp:attachment":[{"href":"https:\/\/www.tahitiplaisirs.com\/en\/wp-json\/wp\/v2\/media?parent=4514"}],"wp:term":[{"taxonomy":"product_brand","embeddable":true,"href":"https:\/\/www.tahitiplaisirs.com\/en\/wp-json\/wp\/v2\/product_brand?post=4514"},{"taxonomy":"product_cat","embeddable":true,"href":"https:\/\/www.tahitiplaisirs.com\/en\/wp-json\/wp\/v2\/product_cat?post=4514"},{"taxonomy":"product_tag","embeddable":true,"href":"https:\/\/www.tahitiplaisirs.com\/en\/wp-json\/wp\/v2\/product_tag?post=4514"}],"curies":[{"name":"wp","href":"https:\/\/api.w.org\/{rel}","templated":true}]}}